{"id":838,"date":"2021-02-16T15:40:56","date_gmt":"2021-02-16T14:40:56","guid":{"rendered":"https:\/\/www.esepac.com\/pack-avenir\/?page_id=838"},"modified":"2025-09-05T08:16:06","modified_gmt":"2025-09-05T06:16:06","slug":"formation-continue","status":"publish","type":"page","link":"https:\/\/www.esepac.com\/pack-avenir\/formation-continue\/","title":{"rendered":"Formation continue"},"content":{"rendered":"<h2>Pour consulter le <a href=\"https:\/\/www.calameo.com\/read\/007854657e7f1b4db4ae4\" target=\"_blank\" rel=\"noopener\">Catalogue Pack Avenir 2025<\/a><\/h2>\n<h4><img loading=\"lazy\" class=\"aligncenter wp-image-1784 size-full\" src=\"https:\/\/www.esepac.com\/pack-avenir\/wp-content\/uploads\/sites\/5\/2025\/04\/Catalogue-Pack-Avenir-2025-couverture.png\" alt=\"\" width=\"1414\" height=\"2000\" srcset=\"https:\/\/www.esepac.com\/pack-avenir\/wp-content\/uploads\/sites\/5\/2025\/04\/Catalogue-Pack-Avenir-2025-couverture.png 1414w, https:\/\/www.esepac.com\/pack-avenir\/wp-content\/uploads\/sites\/5\/2025\/04\/Catalogue-Pack-Avenir-2025-couverture-212x300.png 212w, https:\/\/www.esepac.com\/pack-avenir\/wp-content\/uploads\/sites\/5\/2025\/04\/Catalogue-Pack-Avenir-2025-couverture-724x1024.png 724w, https:\/\/www.esepac.com\/pack-avenir\/wp-content\/uploads\/sites\/5\/2025\/04\/Catalogue-Pack-Avenir-2025-couverture-768x1086.png 768w, https:\/\/www.esepac.com\/pack-avenir\/wp-content\/uploads\/sites\/5\/2025\/04\/Catalogue-Pack-Avenir-2025-couverture-1086x1536.png 1086w\" sizes=\"(max-width: 1414px) 100vw, 1414px\" \/><a href=\"https:\/\/www.esepac.com\/pack-avenir\/wp-content\/uploads\/sites\/5\/2025\/04\/Catalogue-Pack-Avenir-2025.pdf\" target=\"_blank\" rel=\"noopener\"><br \/>\n<\/a><img loading=\"lazy\" class=\"aligncenter wp-image-1791 size-full\" src=\"https:\/\/www.esepac.com\/pack-avenir\/wp-content\/uploads\/sites\/5\/2025\/04\/1.png\" alt=\"\" width=\"1414\" height=\"2000\" srcset=\"https:\/\/www.esepac.com\/pack-avenir\/wp-content\/uploads\/sites\/5\/2025\/04\/1.png 1414w, https:\/\/www.esepac.com\/pack-avenir\/wp-content\/uploads\/sites\/5\/2025\/04\/1-212x300.png 212w, https:\/\/www.esepac.com\/pack-avenir\/wp-content\/uploads\/sites\/5\/2025\/04\/1-724x1024.png 724w, https:\/\/www.esepac.com\/pack-avenir\/wp-content\/uploads\/sites\/5\/2025\/04\/1-768x1086.png 768w, https:\/\/www.esepac.com\/pack-avenir\/wp-content\/uploads\/sites\/5\/2025\/04\/1-1086x1536.png 1086w\" sizes=\"(max-width: 1414px) 100vw, 1414px\" \/><img loading=\"lazy\" class=\"aligncenter wp-image-1792 size-full\" src=\"https:\/\/www.esepac.com\/pack-avenir\/wp-content\/uploads\/sites\/5\/2025\/04\/2.png\" alt=\"\" width=\"1414\" height=\"2000\" srcset=\"https:\/\/www.esepac.com\/pack-avenir\/wp-content\/uploads\/sites\/5\/2025\/04\/2.png 1414w, https:\/\/www.esepac.com\/pack-avenir\/wp-content\/uploads\/sites\/5\/2025\/04\/2-212x300.png 212w, https:\/\/www.esepac.com\/pack-avenir\/wp-content\/uploads\/sites\/5\/2025\/04\/2-724x1024.png 724w, https:\/\/www.esepac.com\/pack-avenir\/wp-content\/uploads\/sites\/5\/2025\/04\/2-768x1086.png 768w, https:\/\/www.esepac.com\/pack-avenir\/wp-content\/uploads\/sites\/5\/2025\/04\/2-1086x1536.png 1086w\" sizes=\"(max-width: 1414px) 100vw, 1414px\" \/><\/h4>\n<p><strong>Retrouvez notre Certification Qualiopi <a href=\"https:\/\/www.esepac.com\/wp-content\/uploads\/2025\/05\/Certificat-Qualiopi-Pack-Avenir-2024-2027.pdf\" target=\"_blank\" rel=\"noopener\">ICI<\/a><\/strong><\/p>\n<p>&nbsp;<\/p>\n<h3>PACK AVENIR partenaire labellis\u00e9 d&rsquo;IPC Formation<\/h3>\n<p>PACK AVENIR participe en tant que partenaire aux diff\u00e9rents activit\u00e9s propos\u00e9es par IPC formation(organisme de formation de la branche Papier-Carton)<\/p>\n<p>Plus d&rsquo;information sur le site internet Formation : <a href=\"https:\/\/unidis.fr\/portail\/ipc-formation\/\">IPC Formation\u00a0<\/a><\/p>\n<h4><img loading=\"lazy\" class=\"aligncenter wp-image-1790 size-full\" src=\"https:\/\/www.esepac.com\/pack-avenir\/wp-content\/uploads\/sites\/5\/2025\/04\/Catalogue-Pack-Avenir-2025-3.png\" alt=\"\" width=\"1414\" height=\"2000\" srcset=\"https:\/\/www.esepac.com\/pack-avenir\/wp-content\/uploads\/sites\/5\/2025\/04\/Catalogue-Pack-Avenir-2025-3.png 1414w, https:\/\/www.esepac.com\/pack-avenir\/wp-content\/uploads\/sites\/5\/2025\/04\/Catalogue-Pack-Avenir-2025-3-212x300.png 212w, https:\/\/www.esepac.com\/pack-avenir\/wp-content\/uploads\/sites\/5\/2025\/04\/Catalogue-Pack-Avenir-2025-3-724x1024.png 724w, https:\/\/www.esepac.com\/pack-avenir\/wp-content\/uploads\/sites\/5\/2025\/04\/Catalogue-Pack-Avenir-2025-3-768x1086.png 768w, https:\/\/www.esepac.com\/pack-avenir\/wp-content\/uploads\/sites\/5\/2025\/04\/Catalogue-Pack-Avenir-2025-3-1086x1536.png 1086w\" sizes=\"(max-width: 1414px) 100vw, 1414px\" \/><\/h4>\n<p>N\u2019h\u00e9sitez pas \u00e0 nous contacter pour obtenir un devis : <strong>m.defour@esepac.com !<\/strong><\/p>\n","protected":false},"excerpt":{"rendered":"<p>Pour consulter le Catalogue Pack Avenir 2025 Retrouvez notre Certification Qualiopi ICI &nbsp; PACK AVENIR partenaire labellis\u00e9 d&rsquo;IPC Formation PACK AVENIR participe en tant que partenaire aux diff\u00e9rents activit\u00e9s propos\u00e9es par IPC formation(organisme de formation de la branche Papier-Carton) Plus &hellip;<\/p>\n","protected":false},"author":2,"featured_media":1787,"parent":0,"menu_order":4,"comment_status":"closed","ping_status":"closed","template":"","meta":[],"tags":[],"acf":[],"yoast_head":"<!-- This site is optimized with the Yoast SEO plugin v18.2 - https:\/\/yoast.com\/wordpress\/plugins\/seo\/ -->\n<meta name=\"robots\" content=\"index, follow, max-snippet:-1, max-image-preview:large, max-video-preview:-1\" \/>\n<link rel=\"canonical\" href=\"https:\/\/www.esepac.com\/pack-avenir\/formation-continue\/\" \/>\n<meta property=\"og:locale\" content=\"fr_FR\" \/>\n<meta property=\"og:type\" content=\"article\" \/>\n<meta property=\"og:title\" content=\"Formation continue - ESEPAC Pack Avenir\" \/>\n<meta property=\"og:description\" content=\"Pour consulter le Catalogue Pack Avenir 2025 Retrouvez notre Certification Qualiopi ICI &nbsp; PACK AVENIR partenaire labellis\u00e9 d&rsquo;IPC Formation PACK AVENIR participe en tant que partenaire aux diff\u00e9rents activit\u00e9s propos\u00e9es par IPC formation(organisme de formation de la branche Papier-Carton) Plus &hellip;\" \/>\n<meta property=\"og:url\" content=\"https:\/\/www.esepac.com\/pack-avenir\/formation-continue\/\" \/>\n<meta property=\"og:site_name\" content=\"ESEPAC Pack Avenir\" \/>\n<meta property=\"article:modified_time\" content=\"2025-09-05T06:16:06+00:00\" \/>\n<meta property=\"og:image\" content=\"https:\/\/www.esepac.com\/pack-avenir\/wp-content\/uploads\/sites\/5\/2025\/04\/BP-Formation.png\" \/>\n\t<meta property=\"og:image:width\" content=\"463\" \/>\n\t<meta property=\"og:image:height\" content=\"353\" \/>\n\t<meta property=\"og:image:type\" content=\"image\/png\" \/>\n<meta name=\"twitter:card\" content=\"summary_large_image\" \/>\n<meta name=\"twitter:label1\" content=\"Dur\u00e9e de lecture estim\u00e9e\" \/>\n\t<meta name=\"twitter:data1\" content=\"2 minutes\" \/>\n<script type=\"application\/ld+json\" class=\"yoast-schema-graph\">{\"@context\":\"https:\/\/schema.org\",\"@graph\":[{\"@type\":\"WebSite\",\"@id\":\"https:\/\/www.esepac.com\/pack-avenir\/#website\",\"url\":\"https:\/\/www.esepac.com\/pack-avenir\/\",\"name\":\"ESEPAC Pack Avenir\",\"description\":\"Pack Avenir, votre structure d&#039;ing\u00e9nierie Packaging\",\"potentialAction\":[{\"@type\":\"SearchAction\",\"target\":{\"@type\":\"EntryPoint\",\"urlTemplate\":\"https:\/\/www.esepac.com\/pack-avenir\/?s={search_term_string}\"},\"query-input\":\"required name=search_term_string\"}],\"inLanguage\":\"fr-FR\"},{\"@type\":\"ImageObject\",\"@id\":\"https:\/\/www.esepac.com\/pack-avenir\/formation-continue\/#primaryimage\",\"inLanguage\":\"fr-FR\",\"url\":\"https:\/\/www.esepac.com\/pack-avenir\/wp-content\/uploads\/sites\/5\/2025\/04\/BP-Formation.png\",\"contentUrl\":\"https:\/\/www.esepac.com\/pack-avenir\/wp-content\/uploads\/sites\/5\/2025\/04\/BP-Formation.png\",\"width\":463,\"height\":353},{\"@type\":\"WebPage\",\"@id\":\"https:\/\/www.esepac.com\/pack-avenir\/formation-continue\/#webpage\",\"url\":\"https:\/\/www.esepac.com\/pack-avenir\/formation-continue\/\",\"name\":\"Formation continue - ESEPAC Pack Avenir\",\"isPartOf\":{\"@id\":\"https:\/\/www.esepac.com\/pack-avenir\/#website\"},\"primaryImageOfPage\":{\"@id\":\"https:\/\/www.esepac.com\/pack-avenir\/formation-continue\/#primaryimage\"},\"datePublished\":\"2021-02-16T14:40:56+00:00\",\"dateModified\":\"2025-09-05T06:16:06+00:00\",\"breadcrumb\":{\"@id\":\"https:\/\/www.esepac.com\/pack-avenir\/formation-continue\/#breadcrumb\"},\"inLanguage\":\"fr-FR\",\"potentialAction\":[{\"@type\":\"ReadAction\",\"target\":[\"https:\/\/www.esepac.com\/pack-avenir\/formation-continue\/\"]}]},{\"@type\":\"BreadcrumbList\",\"@id\":\"https:\/\/www.esepac.com\/pack-avenir\/formation-continue\/#breadcrumb\",\"itemListElement\":[{\"@type\":\"ListItem\",\"position\":1,\"name\":\"Accueil\",\"item\":\"https:\/\/www.esepac.com\/pack-avenir\/\"},{\"@type\":\"ListItem\",\"position\":2,\"name\":\"Formation continue\"}]}]}<\/script>\n<!-- \/ Yoast SEO plugin. -->","yoast_head_json":{"robots":{"index":"index","follow":"follow","max-snippet":"max-snippet:-1","max-image-preview":"max-image-preview:large","max-video-preview":"max-video-preview:-1"},"canonical":"https:\/\/www.esepac.com\/pack-avenir\/formation-continue\/","og_locale":"fr_FR","og_type":"article","og_title":"Formation continue - ESEPAC Pack Avenir","og_description":"Pour consulter le Catalogue Pack Avenir 2025 Retrouvez notre Certification Qualiopi ICI &nbsp; PACK AVENIR partenaire labellis\u00e9 d&rsquo;IPC Formation PACK AVENIR participe en tant que partenaire aux diff\u00e9rents activit\u00e9s propos\u00e9es par IPC formation(organisme de formation de la branche Papier-Carton) Plus &hellip;","og_url":"https:\/\/www.esepac.com\/pack-avenir\/formation-continue\/","og_site_name":"ESEPAC Pack Avenir","article_modified_time":"2025-09-05T06:16:06+00:00","og_image":[{"width":463,"height":353,"url":"https:\/\/www.esepac.com\/pack-avenir\/wp-content\/uploads\/sites\/5\/2025\/04\/BP-Formation.png","type":"image\/png"}],"twitter_card":"summary_large_image","twitter_misc":{"Dur\u00e9e de lecture estim\u00e9e":"2 minutes"},"schema":{"@context":"https:\/\/schema.org","@graph":[{"@type":"WebSite","@id":"https:\/\/www.esepac.com\/pack-avenir\/#website","url":"https:\/\/www.esepac.com\/pack-avenir\/","name":"ESEPAC Pack Avenir","description":"Pack Avenir, votre structure d&#039;ing\u00e9nierie Packaging","potentialAction":[{"@type":"SearchAction","target":{"@type":"EntryPoint","urlTemplate":"https:\/\/www.esepac.com\/pack-avenir\/?s={search_term_string}"},"query-input":"required name=search_term_string"}],"inLanguage":"fr-FR"},{"@type":"ImageObject","@id":"https:\/\/www.esepac.com\/pack-avenir\/formation-continue\/#primaryimage","inLanguage":"fr-FR","url":"https:\/\/www.esepac.com\/pack-avenir\/wp-content\/uploads\/sites\/5\/2025\/04\/BP-Formation.png","contentUrl":"https:\/\/www.esepac.com\/pack-avenir\/wp-content\/uploads\/sites\/5\/2025\/04\/BP-Formation.png","width":463,"height":353},{"@type":"WebPage","@id":"https:\/\/www.esepac.com\/pack-avenir\/formation-continue\/#webpage","url":"https:\/\/www.esepac.com\/pack-avenir\/formation-continue\/","name":"Formation continue - ESEPAC Pack Avenir","isPartOf":{"@id":"https:\/\/www.esepac.com\/pack-avenir\/#website"},"primaryImageOfPage":{"@id":"https:\/\/www.esepac.com\/pack-avenir\/formation-continue\/#primaryimage"},"datePublished":"2021-02-16T14:40:56+00:00","dateModified":"2025-09-05T06:16:06+00:00","breadcrumb":{"@id":"https:\/\/www.esepac.com\/pack-avenir\/formation-continue\/#breadcrumb"},"inLanguage":"fr-FR","potentialAction":[{"@type":"ReadAction","target":["https:\/\/www.esepac.com\/pack-avenir\/formation-continue\/"]}]},{"@type":"BreadcrumbList","@id":"https:\/\/www.esepac.com\/pack-avenir\/formation-continue\/#breadcrumb","itemListElement":[{"@type":"ListItem","position":1,"name":"Accueil","item":"https:\/\/www.esepac.com\/pack-avenir\/"},{"@type":"ListItem","position":2,"name":"Formation continue"}]}]}},"_links":{"self":[{"href":"https:\/\/www.esepac.com\/pack-avenir\/wp-json\/wp\/v2\/pages\/838"}],"collection":[{"href":"https:\/\/www.esepac.com\/pack-avenir\/wp-json\/wp\/v2\/pages"}],"about":[{"href":"https:\/\/www.esepac.com\/pack-avenir\/wp-json\/wp\/v2\/types\/page"}],"author":[{"embeddable":true,"href":"https:\/\/www.esepac.com\/pack-avenir\/wp-json\/wp\/v2\/users\/2"}],"replies":[{"embeddable":true,"href":"https:\/\/www.esepac.com\/pack-avenir\/wp-json\/wp\/v2\/comments?post=838"}],"version-history":[{"count":94,"href":"https:\/\/www.esepac.com\/pack-avenir\/wp-json\/wp\/v2\/pages\/838\/revisions"}],"predecessor-version":[{"id":1862,"href":"https:\/\/www.esepac.com\/pack-avenir\/wp-json\/wp\/v2\/pages\/838\/revisions\/1862"}],"wp:featuredmedia":[{"embeddable":true,"href":"https:\/\/www.esepac.com\/pack-avenir\/wp-json\/wp\/v2\/media\/1787"}],"wp:attachment":[{"href":"https:\/\/www.esepac.com\/pack-avenir\/wp-json\/wp\/v2\/media?parent=838"}],"wp:term":[{"taxonomy":"post_tag","embeddable":true,"href":"https:\/\/www.esepac.com\/pack-avenir\/wp-json\/wp\/v2\/tags?post=838"}],"curies":[{"name":"wp","href":"https:\/\/api.w.org\/{rel}","templated":true}]}}