{"id":818,"date":"2021-01-19T09:35:59","date_gmt":"2021-01-19T08:35:59","guid":{"rendered":"https:\/\/www.esepac.com\/pack-avenir\/?page_id=818"},"modified":"2025-04-09T14:45:07","modified_gmt":"2025-04-09T12:45:07","slug":"mode-de-financement","status":"publish","type":"page","link":"https:\/\/www.esepac.com\/pack-avenir\/mode-de-financement\/","title":{"rendered":"Conseil \/ Consulting"},"content":{"rendered":"<h3><strong>Pack Avenir vous accompagne tout au long des \u00e9tapes d&rsquo;un projet:<\/strong><\/h3>\n<p><img loading=\"lazy\" width=\"2000\" height=\"600\" class=\"alignnone size-full wp-image-1678\" src=\"https:\/\/www.esepac.com\/pack-avenir\/wp-content\/uploads\/sites\/5\/2023\/12\/Pack-Avenir-etapes-projet.png\" srcset=\"https:\/\/www.esepac.com\/pack-avenir\/wp-content\/uploads\/sites\/5\/2023\/12\/Pack-Avenir-etapes-projet.png 2000w, https:\/\/www.esepac.com\/pack-avenir\/wp-content\/uploads\/sites\/5\/2023\/12\/Pack-Avenir-etapes-projet-300x90.png 300w, https:\/\/www.esepac.com\/pack-avenir\/wp-content\/uploads\/sites\/5\/2023\/12\/Pack-Avenir-etapes-projet-1024x307.png 1024w, https:\/\/www.esepac.com\/pack-avenir\/wp-content\/uploads\/sites\/5\/2023\/12\/Pack-Avenir-etapes-projet-768x230.png 768w, https:\/\/www.esepac.com\/pack-avenir\/wp-content\/uploads\/sites\/5\/2023\/12\/Pack-Avenir-etapes-projet-1536x461.png 1536w\" sizes=\"(max-width: 2000px) 100vw, 2000px\" \/><\/p>\n<h3><strong>Nos projets r\u00e9currents ont le double objectif :<\/strong><\/h3>\n<ul>\n<li>Minimiser l\u2019impact environnemental des conditionnements (gain RSE),<\/li>\n<li>R\u00e9aliser des \u00e9conomies (gain DTV).<\/li>\n<\/ul>\n<p><strong>Pour cela, nous avons mis en place une m\u00e9thodologie de travail approuv\u00e9e par les industriels de la pharmaceutique et du secteur cosm\u00e9tique, \u00e0 travers le monde !<\/strong><\/p>\n<p>&nbsp;<\/p>\n<h3><strong>Diag Pack<\/strong><\/h3>\n<p><img loading=\"lazy\" class=\"aligncenter wp-image-1779 size-full\" src=\"https:\/\/www.esepac.com\/pack-avenir\/wp-content\/uploads\/sites\/5\/2025\/04\/Diag-pack.png\" alt=\"\" width=\"1377\" height=\"584\" srcset=\"https:\/\/www.esepac.com\/pack-avenir\/wp-content\/uploads\/sites\/5\/2025\/04\/Diag-pack.png 1377w, https:\/\/www.esepac.com\/pack-avenir\/wp-content\/uploads\/sites\/5\/2025\/04\/Diag-pack-300x127.png 300w, https:\/\/www.esepac.com\/pack-avenir\/wp-content\/uploads\/sites\/5\/2025\/04\/Diag-pack-1024x434.png 1024w, https:\/\/www.esepac.com\/pack-avenir\/wp-content\/uploads\/sites\/5\/2025\/04\/Diag-pack-768x326.png 768w\" sizes=\"(max-width: 1377px) 100vw, 1377px\" \/><\/p>\n<p>&nbsp;<\/p>\n<h3><strong>Outil de gestion des sp\u00e9cifications packaging<\/strong><\/h3>\n<p>&nbsp;<\/p>\n<h3><strong>RecyPACK\u2122 :<\/strong><\/h3>\n<p>\u00ab Label \u00bb de validation des crit\u00e8res de recyclabilit\u00e9 de vos packs sur le march\u00e9 fran\u00e7ais.<\/p>\n<p>&nbsp;<\/p>\n<h3><strong>RegulPACK\u2122 : <\/strong><\/h3>\n<p>\u00ab Label \u00bb de conformit\u00e9 r\u00e9glementaire de vos packs sur le march\u00e9 europ\u00e9en.<\/p>\n<p>&nbsp;<\/p>\n<p>N\u2019h\u00e9sitez pas \u00e0 nous contacter pour plus d\u2019informations :<strong> m.defour@esepac.com !<\/strong><\/p>\n","protected":false},"excerpt":{"rendered":"<p>Pack Avenir vous accompagne tout au long des \u00e9tapes d&rsquo;un projet: Nos projets r\u00e9currents ont le double objectif : Minimiser l\u2019impact environnemental des conditionnements (gain RSE), R\u00e9aliser des \u00e9conomies (gain DTV). Pour cela, nous avons mis en place une m\u00e9thodologie &hellip;<\/p>\n","protected":false},"author":1,"featured_media":1758,"parent":0,"menu_order":1,"comment_status":"closed","ping_status":"closed","template":"","meta":[],"tags":[],"acf":[],"yoast_head":"<!-- This site is optimized with the Yoast SEO plugin v18.2 - https:\/\/yoast.com\/wordpress\/plugins\/seo\/ -->\n<meta name=\"robots\" content=\"index, follow, max-snippet:-1, max-image-preview:large, max-video-preview:-1\" \/>\n<link rel=\"canonical\" href=\"https:\/\/www.esepac.com\/pack-avenir\/mode-de-financement\/\" \/>\n<meta property=\"og:locale\" content=\"fr_FR\" \/>\n<meta property=\"og:type\" content=\"article\" \/>\n<meta property=\"og:title\" content=\"Conseil \/ Consulting - ESEPAC Pack Avenir\" \/>\n<meta property=\"og:description\" content=\"Pack Avenir vous accompagne tout au long des \u00e9tapes d&rsquo;un projet: Nos projets r\u00e9currents ont le double objectif : Minimiser l\u2019impact environnemental des conditionnements (gain RSE), R\u00e9aliser des \u00e9conomies (gain DTV). Pour cela, nous avons mis en place une m\u00e9thodologie &hellip;\" \/>\n<meta property=\"og:url\" content=\"https:\/\/www.esepac.com\/pack-avenir\/mode-de-financement\/\" \/>\n<meta property=\"og:site_name\" content=\"ESEPAC Pack Avenir\" \/>\n<meta property=\"article:modified_time\" content=\"2025-04-09T12:45:07+00:00\" \/>\n<meta property=\"og:image\" content=\"https:\/\/www.esepac.com\/pack-avenir\/wp-content\/uploads\/sites\/5\/2025\/04\/conseil.png\" \/>\n\t<meta property=\"og:image:width\" content=\"441\" \/>\n\t<meta property=\"og:image:height\" content=\"351\" \/>\n\t<meta property=\"og:image:type\" content=\"image\/png\" \/>\n<meta name=\"twitter:card\" content=\"summary_large_image\" \/>\n<meta name=\"twitter:label1\" content=\"Dur\u00e9e de lecture estim\u00e9e\" \/>\n\t<meta name=\"twitter:data1\" content=\"1 minute\" \/>\n<script type=\"application\/ld+json\" class=\"yoast-schema-graph\">{\"@context\":\"https:\/\/schema.org\",\"@graph\":[{\"@type\":\"WebSite\",\"@id\":\"https:\/\/www.esepac.com\/pack-avenir\/#website\",\"url\":\"https:\/\/www.esepac.com\/pack-avenir\/\",\"name\":\"ESEPAC Pack Avenir\",\"description\":\"Pack Avenir, votre structure d&#039;ing\u00e9nierie Packaging\",\"potentialAction\":[{\"@type\":\"SearchAction\",\"target\":{\"@type\":\"EntryPoint\",\"urlTemplate\":\"https:\/\/www.esepac.com\/pack-avenir\/?s={search_term_string}\"},\"query-input\":\"required name=search_term_string\"}],\"inLanguage\":\"fr-FR\"},{\"@type\":\"ImageObject\",\"@id\":\"https:\/\/www.esepac.com\/pack-avenir\/mode-de-financement\/#primaryimage\",\"inLanguage\":\"fr-FR\",\"url\":\"https:\/\/www.esepac.com\/pack-avenir\/wp-content\/uploads\/sites\/5\/2025\/04\/conseil.png\",\"contentUrl\":\"https:\/\/www.esepac.com\/pack-avenir\/wp-content\/uploads\/sites\/5\/2025\/04\/conseil.png\",\"width\":441,\"height\":351},{\"@type\":\"WebPage\",\"@id\":\"https:\/\/www.esepac.com\/pack-avenir\/mode-de-financement\/#webpage\",\"url\":\"https:\/\/www.esepac.com\/pack-avenir\/mode-de-financement\/\",\"name\":\"Conseil \/ Consulting - ESEPAC Pack Avenir\",\"isPartOf\":{\"@id\":\"https:\/\/www.esepac.com\/pack-avenir\/#website\"},\"primaryImageOfPage\":{\"@id\":\"https:\/\/www.esepac.com\/pack-avenir\/mode-de-financement\/#primaryimage\"},\"datePublished\":\"2021-01-19T08:35:59+00:00\",\"dateModified\":\"2025-04-09T12:45:07+00:00\",\"breadcrumb\":{\"@id\":\"https:\/\/www.esepac.com\/pack-avenir\/mode-de-financement\/#breadcrumb\"},\"inLanguage\":\"fr-FR\",\"potentialAction\":[{\"@type\":\"ReadAction\",\"target\":[\"https:\/\/www.esepac.com\/pack-avenir\/mode-de-financement\/\"]}]},{\"@type\":\"BreadcrumbList\",\"@id\":\"https:\/\/www.esepac.com\/pack-avenir\/mode-de-financement\/#breadcrumb\",\"itemListElement\":[{\"@type\":\"ListItem\",\"position\":1,\"name\":\"Accueil\",\"item\":\"https:\/\/www.esepac.com\/pack-avenir\/\"},{\"@type\":\"ListItem\",\"position\":2,\"name\":\"Conseil \/ Consulting\"}]}]}<\/script>\n<!-- \/ Yoast SEO plugin. -->","yoast_head_json":{"robots":{"index":"index","follow":"follow","max-snippet":"max-snippet:-1","max-image-preview":"max-image-preview:large","max-video-preview":"max-video-preview:-1"},"canonical":"https:\/\/www.esepac.com\/pack-avenir\/mode-de-financement\/","og_locale":"fr_FR","og_type":"article","og_title":"Conseil \/ Consulting - ESEPAC Pack Avenir","og_description":"Pack Avenir vous accompagne tout au long des \u00e9tapes d&rsquo;un projet: Nos projets r\u00e9currents ont le double objectif : Minimiser l\u2019impact environnemental des conditionnements (gain RSE), R\u00e9aliser des \u00e9conomies (gain DTV). Pour cela, nous avons mis en place une m\u00e9thodologie &hellip;","og_url":"https:\/\/www.esepac.com\/pack-avenir\/mode-de-financement\/","og_site_name":"ESEPAC Pack Avenir","article_modified_time":"2025-04-09T12:45:07+00:00","og_image":[{"width":441,"height":351,"url":"https:\/\/www.esepac.com\/pack-avenir\/wp-content\/uploads\/sites\/5\/2025\/04\/conseil.png","type":"image\/png"}],"twitter_card":"summary_large_image","twitter_misc":{"Dur\u00e9e de lecture estim\u00e9e":"1 minute"},"schema":{"@context":"https:\/\/schema.org","@graph":[{"@type":"WebSite","@id":"https:\/\/www.esepac.com\/pack-avenir\/#website","url":"https:\/\/www.esepac.com\/pack-avenir\/","name":"ESEPAC Pack Avenir","description":"Pack Avenir, votre structure d&#039;ing\u00e9nierie Packaging","potentialAction":[{"@type":"SearchAction","target":{"@type":"EntryPoint","urlTemplate":"https:\/\/www.esepac.com\/pack-avenir\/?s={search_term_string}"},"query-input":"required name=search_term_string"}],"inLanguage":"fr-FR"},{"@type":"ImageObject","@id":"https:\/\/www.esepac.com\/pack-avenir\/mode-de-financement\/#primaryimage","inLanguage":"fr-FR","url":"https:\/\/www.esepac.com\/pack-avenir\/wp-content\/uploads\/sites\/5\/2025\/04\/conseil.png","contentUrl":"https:\/\/www.esepac.com\/pack-avenir\/wp-content\/uploads\/sites\/5\/2025\/04\/conseil.png","width":441,"height":351},{"@type":"WebPage","@id":"https:\/\/www.esepac.com\/pack-avenir\/mode-de-financement\/#webpage","url":"https:\/\/www.esepac.com\/pack-avenir\/mode-de-financement\/","name":"Conseil \/ Consulting - ESEPAC Pack Avenir","isPartOf":{"@id":"https:\/\/www.esepac.com\/pack-avenir\/#website"},"primaryImageOfPage":{"@id":"https:\/\/www.esepac.com\/pack-avenir\/mode-de-financement\/#primaryimage"},"datePublished":"2021-01-19T08:35:59+00:00","dateModified":"2025-04-09T12:45:07+00:00","breadcrumb":{"@id":"https:\/\/www.esepac.com\/pack-avenir\/mode-de-financement\/#breadcrumb"},"inLanguage":"fr-FR","potentialAction":[{"@type":"ReadAction","target":["https:\/\/www.esepac.com\/pack-avenir\/mode-de-financement\/"]}]},{"@type":"BreadcrumbList","@id":"https:\/\/www.esepac.com\/pack-avenir\/mode-de-financement\/#breadcrumb","itemListElement":[{"@type":"ListItem","position":1,"name":"Accueil","item":"https:\/\/www.esepac.com\/pack-avenir\/"},{"@type":"ListItem","position":2,"name":"Conseil \/ Consulting"}]}]}},"_links":{"self":[{"href":"https:\/\/www.esepac.com\/pack-avenir\/wp-json\/wp\/v2\/pages\/818"}],"collection":[{"href":"https:\/\/www.esepac.com\/pack-avenir\/wp-json\/wp\/v2\/pages"}],"about":[{"href":"https:\/\/www.esepac.com\/pack-avenir\/wp-json\/wp\/v2\/types\/page"}],"author":[{"embeddable":true,"href":"https:\/\/www.esepac.com\/pack-avenir\/wp-json\/wp\/v2\/users\/1"}],"replies":[{"embeddable":true,"href":"https:\/\/www.esepac.com\/pack-avenir\/wp-json\/wp\/v2\/comments?post=818"}],"version-history":[{"count":32,"href":"https:\/\/www.esepac.com\/pack-avenir\/wp-json\/wp\/v2\/pages\/818\/revisions"}],"predecessor-version":[{"id":1840,"href":"https:\/\/www.esepac.com\/pack-avenir\/wp-json\/wp\/v2\/pages\/818\/revisions\/1840"}],"wp:featuredmedia":[{"embeddable":true,"href":"https:\/\/www.esepac.com\/pack-avenir\/wp-json\/wp\/v2\/media\/1758"}],"wp:attachment":[{"href":"https:\/\/www.esepac.com\/pack-avenir\/wp-json\/wp\/v2\/media?parent=818"}],"wp:term":[{"taxonomy":"post_tag","embeddable":true,"href":"https:\/\/www.esepac.com\/pack-avenir\/wp-json\/wp\/v2\/tags?post=818"}],"curies":[{"name":"wp","href":"https:\/\/api.w.org\/{rel}","templated":true}]}}