{"id":812,"date":"2021-01-19T09:35:25","date_gmt":"2021-01-19T08:35:25","guid":{"rendered":"https:\/\/www.esepac.com\/pack-avenir\/?page_id=812"},"modified":"2025-04-09T14:48:03","modified_gmt":"2025-04-09T12:48:03","slug":"tests-laboratoire","status":"publish","type":"page","link":"https:\/\/www.esepac.com\/pack-avenir\/tests-laboratoire\/","title":{"rendered":"Tests laboratoire"},"content":{"rendered":"<h3><strong>Nous pouvons r\u00e9aliser les tests suivants :<\/strong><\/h3>\n<ul>\n<li>Caract\u00e9risation des mat\u00e9riaux,<\/li>\n<li>Caract\u00e9risation des emballages primaires, secondaires, tertiaires,<\/li>\n<li>Tests d\u2019homologation packaging,<\/li>\n<li>Tests de compatibilit\u00e9 sur produits finis.<\/li>\n<\/ul>\n<p>&nbsp;<\/p>\n<h3><strong>Des tests plus sp\u00e9cifiques :\u00a0<\/strong><\/h3>\n<ul>\n<li>\u00a0Vieillissement acc\u00e9l\u00e9r\u00e9,<\/li>\n<li>\u00a0Tests de simulation de transport.<\/li>\n<\/ul>\n<p>&nbsp;<\/p>\n<p>N\u2019h\u00e9sitez pas \u00e0 nous contacter pour obtenir un devis : <strong>m.defour@esepac.com<\/strong> !<\/p>\n","protected":false},"excerpt":{"rendered":"<p>Nous pouvons r\u00e9aliser les tests suivants : Caract\u00e9risation des mat\u00e9riaux, Caract\u00e9risation des emballages primaires, secondaires, tertiaires, Tests d\u2019homologation packaging, Tests de compatibilit\u00e9 sur produits finis. &nbsp; Des tests plus sp\u00e9cifiques :\u00a0 \u00a0Vieillissement acc\u00e9l\u00e9r\u00e9, \u00a0Tests de simulation de transport. &nbsp; N\u2019h\u00e9sitez &hellip;<\/p>\n","protected":false},"author":1,"featured_media":1802,"parent":0,"menu_order":6,"comment_status":"closed","ping_status":"closed","template":"","meta":[],"tags":[],"acf":[],"yoast_head":"<!-- This site is optimized with the Yoast SEO plugin v18.2 - https:\/\/yoast.com\/wordpress\/plugins\/seo\/ -->\n<meta name=\"robots\" content=\"index, follow, max-snippet:-1, max-image-preview:large, max-video-preview:-1\" \/>\n<link rel=\"canonical\" href=\"https:\/\/www.esepac.com\/pack-avenir\/tests-laboratoire\/\" \/>\n<meta property=\"og:locale\" content=\"fr_FR\" \/>\n<meta property=\"og:type\" content=\"article\" \/>\n<meta property=\"og:title\" content=\"Tests laboratoire - ESEPAC Pack Avenir\" \/>\n<meta property=\"og:description\" content=\"Nous pouvons r\u00e9aliser les tests suivants : Caract\u00e9risation des mat\u00e9riaux, Caract\u00e9risation des emballages primaires, secondaires, tertiaires, Tests d\u2019homologation packaging, Tests de compatibilit\u00e9 sur produits finis. &nbsp; Des tests plus sp\u00e9cifiques :\u00a0 \u00a0Vieillissement acc\u00e9l\u00e9r\u00e9, \u00a0Tests de simulation de transport. &nbsp; N\u2019h\u00e9sitez &hellip;\" \/>\n<meta property=\"og:url\" content=\"https:\/\/www.esepac.com\/pack-avenir\/tests-laboratoire\/\" \/>\n<meta property=\"og:site_name\" content=\"ESEPAC Pack Avenir\" \/>\n<meta property=\"article:modified_time\" content=\"2025-04-09T12:48:03+00:00\" \/>\n<meta property=\"og:image\" content=\"https:\/\/www.esepac.com\/pack-avenir\/wp-content\/uploads\/sites\/5\/2025\/04\/Laboratoire-1.png\" \/>\n\t<meta property=\"og:image:width\" content=\"468\" \/>\n\t<meta property=\"og:image:height\" content=\"355\" \/>\n\t<meta property=\"og:image:type\" content=\"image\/png\" \/>\n<meta name=\"twitter:card\" content=\"summary_large_image\" \/>\n<meta name=\"twitter:label1\" content=\"Dur\u00e9e de lecture estim\u00e9e\" \/>\n\t<meta name=\"twitter:data1\" content=\"1 minute\" \/>\n<script type=\"application\/ld+json\" class=\"yoast-schema-graph\">{\"@context\":\"https:\/\/schema.org\",\"@graph\":[{\"@type\":\"WebSite\",\"@id\":\"https:\/\/www.esepac.com\/pack-avenir\/#website\",\"url\":\"https:\/\/www.esepac.com\/pack-avenir\/\",\"name\":\"ESEPAC Pack Avenir\",\"description\":\"Pack Avenir, votre structure d&#039;ing\u00e9nierie Packaging\",\"potentialAction\":[{\"@type\":\"SearchAction\",\"target\":{\"@type\":\"EntryPoint\",\"urlTemplate\":\"https:\/\/www.esepac.com\/pack-avenir\/?s={search_term_string}\"},\"query-input\":\"required name=search_term_string\"}],\"inLanguage\":\"fr-FR\"},{\"@type\":\"ImageObject\",\"@id\":\"https:\/\/www.esepac.com\/pack-avenir\/tests-laboratoire\/#primaryimage\",\"inLanguage\":\"fr-FR\",\"url\":\"https:\/\/www.esepac.com\/pack-avenir\/wp-content\/uploads\/sites\/5\/2025\/04\/Laboratoire-1.png\",\"contentUrl\":\"https:\/\/www.esepac.com\/pack-avenir\/wp-content\/uploads\/sites\/5\/2025\/04\/Laboratoire-1.png\",\"width\":468,\"height\":355},{\"@type\":\"WebPage\",\"@id\":\"https:\/\/www.esepac.com\/pack-avenir\/tests-laboratoire\/#webpage\",\"url\":\"https:\/\/www.esepac.com\/pack-avenir\/tests-laboratoire\/\",\"name\":\"Tests laboratoire - ESEPAC Pack Avenir\",\"isPartOf\":{\"@id\":\"https:\/\/www.esepac.com\/pack-avenir\/#website\"},\"primaryImageOfPage\":{\"@id\":\"https:\/\/www.esepac.com\/pack-avenir\/tests-laboratoire\/#primaryimage\"},\"datePublished\":\"2021-01-19T08:35:25+00:00\",\"dateModified\":\"2025-04-09T12:48:03+00:00\",\"breadcrumb\":{\"@id\":\"https:\/\/www.esepac.com\/pack-avenir\/tests-laboratoire\/#breadcrumb\"},\"inLanguage\":\"fr-FR\",\"potentialAction\":[{\"@type\":\"ReadAction\",\"target\":[\"https:\/\/www.esepac.com\/pack-avenir\/tests-laboratoire\/\"]}]},{\"@type\":\"BreadcrumbList\",\"@id\":\"https:\/\/www.esepac.com\/pack-avenir\/tests-laboratoire\/#breadcrumb\",\"itemListElement\":[{\"@type\":\"ListItem\",\"position\":1,\"name\":\"Accueil\",\"item\":\"https:\/\/www.esepac.com\/pack-avenir\/\"},{\"@type\":\"ListItem\",\"position\":2,\"name\":\"Tests laboratoire\"}]}]}<\/script>\n<!-- \/ Yoast SEO plugin. -->","yoast_head_json":{"robots":{"index":"index","follow":"follow","max-snippet":"max-snippet:-1","max-image-preview":"max-image-preview:large","max-video-preview":"max-video-preview:-1"},"canonical":"https:\/\/www.esepac.com\/pack-avenir\/tests-laboratoire\/","og_locale":"fr_FR","og_type":"article","og_title":"Tests laboratoire - ESEPAC Pack Avenir","og_description":"Nous pouvons r\u00e9aliser les tests suivants : Caract\u00e9risation des mat\u00e9riaux, Caract\u00e9risation des emballages primaires, secondaires, tertiaires, Tests d\u2019homologation packaging, Tests de compatibilit\u00e9 sur produits finis. &nbsp; Des tests plus sp\u00e9cifiques :\u00a0 \u00a0Vieillissement acc\u00e9l\u00e9r\u00e9, \u00a0Tests de simulation de transport. &nbsp; N\u2019h\u00e9sitez &hellip;","og_url":"https:\/\/www.esepac.com\/pack-avenir\/tests-laboratoire\/","og_site_name":"ESEPAC Pack Avenir","article_modified_time":"2025-04-09T12:48:03+00:00","og_image":[{"width":468,"height":355,"url":"https:\/\/www.esepac.com\/pack-avenir\/wp-content\/uploads\/sites\/5\/2025\/04\/Laboratoire-1.png","type":"image\/png"}],"twitter_card":"summary_large_image","twitter_misc":{"Dur\u00e9e de lecture estim\u00e9e":"1 minute"},"schema":{"@context":"https:\/\/schema.org","@graph":[{"@type":"WebSite","@id":"https:\/\/www.esepac.com\/pack-avenir\/#website","url":"https:\/\/www.esepac.com\/pack-avenir\/","name":"ESEPAC Pack Avenir","description":"Pack Avenir, votre structure d&#039;ing\u00e9nierie Packaging","potentialAction":[{"@type":"SearchAction","target":{"@type":"EntryPoint","urlTemplate":"https:\/\/www.esepac.com\/pack-avenir\/?s={search_term_string}"},"query-input":"required name=search_term_string"}],"inLanguage":"fr-FR"},{"@type":"ImageObject","@id":"https:\/\/www.esepac.com\/pack-avenir\/tests-laboratoire\/#primaryimage","inLanguage":"fr-FR","url":"https:\/\/www.esepac.com\/pack-avenir\/wp-content\/uploads\/sites\/5\/2025\/04\/Laboratoire-1.png","contentUrl":"https:\/\/www.esepac.com\/pack-avenir\/wp-content\/uploads\/sites\/5\/2025\/04\/Laboratoire-1.png","width":468,"height":355},{"@type":"WebPage","@id":"https:\/\/www.esepac.com\/pack-avenir\/tests-laboratoire\/#webpage","url":"https:\/\/www.esepac.com\/pack-avenir\/tests-laboratoire\/","name":"Tests laboratoire - ESEPAC Pack Avenir","isPartOf":{"@id":"https:\/\/www.esepac.com\/pack-avenir\/#website"},"primaryImageOfPage":{"@id":"https:\/\/www.esepac.com\/pack-avenir\/tests-laboratoire\/#primaryimage"},"datePublished":"2021-01-19T08:35:25+00:00","dateModified":"2025-04-09T12:48:03+00:00","breadcrumb":{"@id":"https:\/\/www.esepac.com\/pack-avenir\/tests-laboratoire\/#breadcrumb"},"inLanguage":"fr-FR","potentialAction":[{"@type":"ReadAction","target":["https:\/\/www.esepac.com\/pack-avenir\/tests-laboratoire\/"]}]},{"@type":"BreadcrumbList","@id":"https:\/\/www.esepac.com\/pack-avenir\/tests-laboratoire\/#breadcrumb","itemListElement":[{"@type":"ListItem","position":1,"name":"Accueil","item":"https:\/\/www.esepac.com\/pack-avenir\/"},{"@type":"ListItem","position":2,"name":"Tests laboratoire"}]}]}},"_links":{"self":[{"href":"https:\/\/www.esepac.com\/pack-avenir\/wp-json\/wp\/v2\/pages\/812"}],"collection":[{"href":"https:\/\/www.esepac.com\/pack-avenir\/wp-json\/wp\/v2\/pages"}],"about":[{"href":"https:\/\/www.esepac.com\/pack-avenir\/wp-json\/wp\/v2\/types\/page"}],"author":[{"embeddable":true,"href":"https:\/\/www.esepac.com\/pack-avenir\/wp-json\/wp\/v2\/users\/1"}],"replies":[{"embeddable":true,"href":"https:\/\/www.esepac.com\/pack-avenir\/wp-json\/wp\/v2\/comments?post=812"}],"version-history":[{"count":64,"href":"https:\/\/www.esepac.com\/pack-avenir\/wp-json\/wp\/v2\/pages\/812\/revisions"}],"predecessor-version":[{"id":1852,"href":"https:\/\/www.esepac.com\/pack-avenir\/wp-json\/wp\/v2\/pages\/812\/revisions\/1852"}],"wp:featuredmedia":[{"embeddable":true,"href":"https:\/\/www.esepac.com\/pack-avenir\/wp-json\/wp\/v2\/media\/1802"}],"wp:attachment":[{"href":"https:\/\/www.esepac.com\/pack-avenir\/wp-json\/wp\/v2\/media?parent=812"}],"wp:term":[{"taxonomy":"post_tag","embeddable":true,"href":"https:\/\/www.esepac.com\/pack-avenir\/wp-json\/wp\/v2\/tags?post=812"}],"curies":[{"name":"wp","href":"https:\/\/api.w.org\/{rel}","templated":true}]}}