{"id":6,"date":"2019-12-13T16:20:57","date_gmt":"2019-12-13T15:20:57","guid":{"rendered":"https:\/\/www.esepac.com\/pack-avenir\/?page_id=6"},"modified":"2025-04-09T09:13:21","modified_gmt":"2025-04-09T07:13:21","slug":"accueil","status":"publish","type":"page","link":"https:\/\/www.esepac.com\/pack-avenir\/","title":{"rendered":"Accueil"},"content":{"rendered":"<p><img loading=\"lazy\" class=\"aligncenter wp-image-1746 \" src=\"https:\/\/www.esepac.com\/pack-avenir\/wp-content\/uploads\/sites\/5\/2025\/04\/bandeau-photos-2000-x-900-px-2.png\" alt=\"\" width=\"918\" height=\"231\" srcset=\"https:\/\/www.esepac.com\/pack-avenir\/wp-content\/uploads\/sites\/5\/2025\/04\/bandeau-photos-2000-x-900-px-2.png 2000w, https:\/\/www.esepac.com\/pack-avenir\/wp-content\/uploads\/sites\/5\/2025\/04\/bandeau-photos-2000-x-900-px-2-300x76.png 300w, https:\/\/www.esepac.com\/pack-avenir\/wp-content\/uploads\/sites\/5\/2025\/04\/bandeau-photos-2000-x-900-px-2-1024x258.png 1024w, https:\/\/www.esepac.com\/pack-avenir\/wp-content\/uploads\/sites\/5\/2025\/04\/bandeau-photos-2000-x-900-px-2-768x194.png 768w, https:\/\/www.esepac.com\/pack-avenir\/wp-content\/uploads\/sites\/5\/2025\/04\/bandeau-photos-2000-x-900-px-2-1536x387.png 1536w\" sizes=\"(max-width: 918px) 100vw, 918px\" \/><\/p>\n<p>&nbsp;<\/p>\n","protected":false},"excerpt":{"rendered":"<p>&nbsp;<\/p>\n","protected":false},"author":1,"featured_media":0,"parent":0,"menu_order":0,"comment_status":"closed","ping_status":"closed","template":"","meta":[],"tags":[],"acf":[],"yoast_head":"<!-- This site is optimized with the Yoast SEO plugin v18.2 - https:\/\/yoast.com\/wordpress\/plugins\/seo\/ -->\n<meta name=\"description\" content=\"Booster vos r\u00e9sultats en d\u00e9veloppant vos comp\u00e9tences sur les emballages et en optimisant vos packagings, aussi bien sur les co\u00fbt, que les fonctionnalit\u00e9s, les flux ou l\u2019impact environnemental.\" \/>\n<meta name=\"robots\" content=\"index, follow, max-snippet:-1, max-image-preview:large, max-video-preview:-1\" \/>\n<link rel=\"canonical\" href=\"https:\/\/www.esepac.com\/pack-avenir\/\" \/>\n<meta property=\"og:locale\" content=\"fr_FR\" \/>\n<meta property=\"og:type\" content=\"article\" \/>\n<meta property=\"og:title\" content=\"Pack Avenir - Formations et \u00c9tudes packaging\" \/>\n<meta property=\"og:description\" content=\"Booster vos r\u00e9sultats en d\u00e9veloppant vos comp\u00e9tences sur les emballages et en optimisant vos packagings, aussi bien sur les co\u00fbt, que les fonctionnalit\u00e9s, les flux ou l\u2019impact environnemental.\" \/>\n<meta property=\"og:url\" content=\"https:\/\/www.esepac.com\/pack-avenir\/\" \/>\n<meta property=\"og:site_name\" content=\"ESEPAC Pack Avenir\" \/>\n<meta property=\"article:modified_time\" content=\"2025-04-09T07:13:21+00:00\" \/>\n<meta property=\"og:image\" content=\"https:\/\/www.esepac.com\/pack-avenir\/wp-content\/uploads\/sites\/5\/2025\/04\/bandeau-photos-2000-x-900-px-2.png\" \/>\n<meta name=\"twitter:card\" content=\"summary_large_image\" \/>\n<meta name=\"twitter:label1\" content=\"Dur\u00e9e de lecture estim\u00e9e\" \/>\n\t<meta name=\"twitter:data1\" content=\"1 minute\" \/>\n<script type=\"application\/ld+json\" class=\"yoast-schema-graph\">{\"@context\":\"https:\/\/schema.org\",\"@graph\":[{\"@type\":\"WebSite\",\"@id\":\"https:\/\/www.esepac.com\/pack-avenir\/#website\",\"url\":\"https:\/\/www.esepac.com\/pack-avenir\/\",\"name\":\"ESEPAC Pack Avenir\",\"description\":\"Pack Avenir, votre structure d&#039;ing\u00e9nierie Packaging\",\"potentialAction\":[{\"@type\":\"SearchAction\",\"target\":{\"@type\":\"EntryPoint\",\"urlTemplate\":\"https:\/\/www.esepac.com\/pack-avenir\/?s={search_term_string}\"},\"query-input\":\"required name=search_term_string\"}],\"inLanguage\":\"fr-FR\"},{\"@type\":\"ImageObject\",\"@id\":\"https:\/\/www.esepac.com\/pack-avenir\/#primaryimage\",\"inLanguage\":\"fr-FR\",\"url\":\"https:\/\/www.esepac.com\/pack-avenir\/wp-content\/uploads\/sites\/5\/2025\/04\/bandeau-photos-2000-x-900-px-2.png\",\"contentUrl\":\"https:\/\/www.esepac.com\/pack-avenir\/wp-content\/uploads\/sites\/5\/2025\/04\/bandeau-photos-2000-x-900-px-2.png\",\"width\":2000,\"height\":504},{\"@type\":\"WebPage\",\"@id\":\"https:\/\/www.esepac.com\/pack-avenir\/#webpage\",\"url\":\"https:\/\/www.esepac.com\/pack-avenir\/\",\"name\":\"Pack Avenir - Formations et \u00c9tudes packaging\",\"isPartOf\":{\"@id\":\"https:\/\/www.esepac.com\/pack-avenir\/#website\"},\"primaryImageOfPage\":{\"@id\":\"https:\/\/www.esepac.com\/pack-avenir\/#primaryimage\"},\"datePublished\":\"2019-12-13T15:20:57+00:00\",\"dateModified\":\"2025-04-09T07:13:21+00:00\",\"description\":\"Booster vos r\u00e9sultats en d\u00e9veloppant vos comp\u00e9tences sur les emballages et en optimisant vos packagings, aussi bien sur les co\u00fbt, que les fonctionnalit\u00e9s, les flux ou l\u2019impact environnemental.\",\"breadcrumb\":{\"@id\":\"https:\/\/www.esepac.com\/pack-avenir\/#breadcrumb\"},\"inLanguage\":\"fr-FR\",\"potentialAction\":[{\"@type\":\"ReadAction\",\"target\":[\"https:\/\/www.esepac.com\/pack-avenir\/\"]}]},{\"@type\":\"BreadcrumbList\",\"@id\":\"https:\/\/www.esepac.com\/pack-avenir\/#breadcrumb\",\"itemListElement\":[{\"@type\":\"ListItem\",\"position\":1,\"name\":\"Accueil\",\"item\":\"https:\/\/www.esepac.com\/pack-avenir\/\"},{\"@type\":\"ListItem\",\"position\":2,\"name\":\"Accueil\"}]}]}<\/script>\n<!-- \/ Yoast SEO plugin. -->","yoast_head_json":{"description":"Booster vos r\u00e9sultats en d\u00e9veloppant vos comp\u00e9tences sur les emballages et en optimisant vos packagings, aussi bien sur les co\u00fbt, que les fonctionnalit\u00e9s, les flux ou l\u2019impact environnemental.","robots":{"index":"index","follow":"follow","max-snippet":"max-snippet:-1","max-image-preview":"max-image-preview:large","max-video-preview":"max-video-preview:-1"},"canonical":"https:\/\/www.esepac.com\/pack-avenir\/","og_locale":"fr_FR","og_type":"article","og_title":"Pack Avenir - Formations et \u00c9tudes packaging","og_description":"Booster vos r\u00e9sultats en d\u00e9veloppant vos comp\u00e9tences sur les emballages et en optimisant vos packagings, aussi bien sur les co\u00fbt, que les fonctionnalit\u00e9s, les flux ou l\u2019impact environnemental.","og_url":"https:\/\/www.esepac.com\/pack-avenir\/","og_site_name":"ESEPAC Pack Avenir","article_modified_time":"2025-04-09T07:13:21+00:00","og_image":[{"url":"https:\/\/www.esepac.com\/pack-avenir\/wp-content\/uploads\/sites\/5\/2025\/04\/bandeau-photos-2000-x-900-px-2.png"}],"twitter_card":"summary_large_image","twitter_misc":{"Dur\u00e9e de lecture estim\u00e9e":"1 minute"},"schema":{"@context":"https:\/\/schema.org","@graph":[{"@type":"WebSite","@id":"https:\/\/www.esepac.com\/pack-avenir\/#website","url":"https:\/\/www.esepac.com\/pack-avenir\/","name":"ESEPAC Pack Avenir","description":"Pack Avenir, votre structure d&#039;ing\u00e9nierie Packaging","potentialAction":[{"@type":"SearchAction","target":{"@type":"EntryPoint","urlTemplate":"https:\/\/www.esepac.com\/pack-avenir\/?s={search_term_string}"},"query-input":"required name=search_term_string"}],"inLanguage":"fr-FR"},{"@type":"ImageObject","@id":"https:\/\/www.esepac.com\/pack-avenir\/#primaryimage","inLanguage":"fr-FR","url":"https:\/\/www.esepac.com\/pack-avenir\/wp-content\/uploads\/sites\/5\/2025\/04\/bandeau-photos-2000-x-900-px-2.png","contentUrl":"https:\/\/www.esepac.com\/pack-avenir\/wp-content\/uploads\/sites\/5\/2025\/04\/bandeau-photos-2000-x-900-px-2.png","width":2000,"height":504},{"@type":"WebPage","@id":"https:\/\/www.esepac.com\/pack-avenir\/#webpage","url":"https:\/\/www.esepac.com\/pack-avenir\/","name":"Pack Avenir - Formations et \u00c9tudes packaging","isPartOf":{"@id":"https:\/\/www.esepac.com\/pack-avenir\/#website"},"primaryImageOfPage":{"@id":"https:\/\/www.esepac.com\/pack-avenir\/#primaryimage"},"datePublished":"2019-12-13T15:20:57+00:00","dateModified":"2025-04-09T07:13:21+00:00","description":"Booster vos r\u00e9sultats en d\u00e9veloppant vos comp\u00e9tences sur les emballages et en optimisant vos packagings, aussi bien sur les co\u00fbt, que les fonctionnalit\u00e9s, les flux ou l\u2019impact environnemental.","breadcrumb":{"@id":"https:\/\/www.esepac.com\/pack-avenir\/#breadcrumb"},"inLanguage":"fr-FR","potentialAction":[{"@type":"ReadAction","target":["https:\/\/www.esepac.com\/pack-avenir\/"]}]},{"@type":"BreadcrumbList","@id":"https:\/\/www.esepac.com\/pack-avenir\/#breadcrumb","itemListElement":[{"@type":"ListItem","position":1,"name":"Accueil","item":"https:\/\/www.esepac.com\/pack-avenir\/"},{"@type":"ListItem","position":2,"name":"Accueil"}]}]}},"_links":{"self":[{"href":"https:\/\/www.esepac.com\/pack-avenir\/wp-json\/wp\/v2\/pages\/6"}],"collection":[{"href":"https:\/\/www.esepac.com\/pack-avenir\/wp-json\/wp\/v2\/pages"}],"about":[{"href":"https:\/\/www.esepac.com\/pack-avenir\/wp-json\/wp\/v2\/types\/page"}],"author":[{"embeddable":true,"href":"https:\/\/www.esepac.com\/pack-avenir\/wp-json\/wp\/v2\/users\/1"}],"replies":[{"embeddable":true,"href":"https:\/\/www.esepac.com\/pack-avenir\/wp-json\/wp\/v2\/comments?post=6"}],"version-history":[{"count":91,"href":"https:\/\/www.esepac.com\/pack-avenir\/wp-json\/wp\/v2\/pages\/6\/revisions"}],"predecessor-version":[{"id":1761,"href":"https:\/\/www.esepac.com\/pack-avenir\/wp-json\/wp\/v2\/pages\/6\/revisions\/1761"}],"wp:attachment":[{"href":"https:\/\/www.esepac.com\/pack-avenir\/wp-json\/wp\/v2\/media?parent=6"}],"wp:term":[{"taxonomy":"post_tag","embeddable":true,"href":"https:\/\/www.esepac.com\/pack-avenir\/wp-json\/wp\/v2\/tags?post=6"}],"curies":[{"name":"wp","href":"https:\/\/api.w.org\/{rel}","templated":true}]}}