{"id":36,"date":"2019-12-13T16:25:16","date_gmt":"2019-12-13T15:25:16","guid":{"rendered":"https:\/\/www.esepac.com\/pack-avenir\/?page_id=36"},"modified":"2021-11-08T17:21:13","modified_gmt":"2021-11-08T16:21:13","slug":"rgpd-charte-de-confidentialite","status":"publish","type":"page","link":"https:\/\/www.esepac.com\/pack-avenir\/rgpd-charte-de-confidentialite\/","title":{"rendered":"Politique de confidentialit\u00e9"},"content":{"rendered":"<h2>Pr\u00e9ambule<\/h2>\n<p>Pack Avenir traite des donn\u00e9es \u00e0 caract\u00e8re personnel (ci-apr\u00e8s les \u00ab Donn\u00e9es Personnelles) \u00bb vous concernant dans le cadre de l\u2019utilisation de ce site internet (ci-apr\u00e8s le \u00ab Site \u00bb).<\/p>\n<p>En tant que responsable de traitement, nous sommes respectueux de la vie priv\u00e9e et nous prot\u00e9geons les donn\u00e9es \u00e0 caract\u00e8re personnel des utilisateurs de notre Site.<\/p>\n<p>La pr\u00e9sente politique vise \u00e0 vous informer des modalit\u00e9s de collecte, de traitement et d\u2019utilisation de Vos Donn\u00e9es Personnelles et de vos droits en mati\u00e8re de protection des donn\u00e9es \u00e0 caract\u00e8re personnel au regard des dispositions applicables en la mati\u00e8re, notamment la loi 78-17 du 6 janvier 1978 relative \u00e0 l\u2019informatique, aux fichiers et aux libert\u00e9s dite \u00ab Informatique et libert\u00e9s \u00bb dans sa derni\u00e8re version et avec le RGPD (R\u00e8glement G\u00e9n\u00e9ral sur la Protection des Donn\u00e9es) en application depuis le 25 mai 2018.<\/p>\n<h2>Champ d\u2019application de la pr\u00e9sente politique de protection des donn\u00e9es personnelles<\/h2>\n<p>La pr\u00e9sente Politique \u00e9nonce les principes et lignes directrices pour la protection de Vos Donn\u00e9es Personnelles, ce qui inclut les Donn\u00e9es Personnelles collect\u00e9es sur &#8211; ou via &#8211; le Site.<\/p>\n<p>Pack Avenir collecte des Donn\u00e9es Personnelles (exemple : en ligne, y compris par e-mail, ou hors connexion) ; la pr\u00e9sente politique s\u2019applique quel que soit le mode de collecte ou de traitement.<\/p>\n<p>La notion de Donn\u00e9es Personnelles d\u00e9signe toute information relative \u00e0 une personne physique identifi\u00e9e ou identifiable. Une personne est \u00ab identifiable \u00bb d\u00e8s lors qu\u2019elle peut \u00eatre identifi\u00e9e, directement ou indirectement, en particulier par r\u00e9f\u00e9rence \u00e0 un num\u00e9ro d\u2019identification ou \u00e0 un ou plusieurs \u00e9l\u00e9ments qui lui sont propres.<\/p>\n<p>Les \u00ab Donn\u00e9es Non-Personnelles \u00bb correspondent \u00e0 des informations ne permettant pas d\u2019identifier une personne.<\/p>\n<h2>Responsable du traitement<\/h2>\n<p>Le responsable du traitement de Vos Donn\u00e9es Personnelles est :<\/p>\n<ul>\n<li>Pack Avenir<\/li>\n<li>416 rue JB lamarck, ZA Laprade,<\/li>\n<li>43700 Saint Germain Laprade<\/li>\n<li>contact@esepac.com<\/li>\n<\/ul>\n<p>Certaines prestations techniques (exemple : h\u00e9bergement, d\u00e9doublonnage, mise en qualit\u00e9 des donn\u00e9es, connaissance client, autres actions jug\u00e9es utiles pour le fonctionnement du site internet Pack Avenir ) sont confi\u00e9es \u00e0 nos prestataires techniques. Conform\u00e9ment \u00e0 l\u2019Article 28 du RGPD, ce prestataire est li\u00e9 par une clause de stricte confidentialit\u00e9 qui lui interdit toute utilisation des donn\u00e9es qui lui sont confi\u00e9es non-pr\u00e9vue dans le contrat de prestation et qui lui impose de mettre en \u0153uvre les mesures techniques et organisationnelles qui satisfont aux exigences de s\u00e9curit\u00e9 et de protection des donn\u00e9es personnelles.<\/p>\n<h2>S\u00e9curit\u00e9 et confidentialit\u00e9 des donn\u00e9es personnelles<\/h2>\n<p>Nous consid\u00e9rons Vos Donn\u00e9es Personnelles comme confidentielles.<\/p>\n<p>Nous nous effor\u00e7ons de prendre les mesures techniques raisonnables en vue de pr\u00e9venir d&rsquo;\u00e9ventuelles pertes ou d\u00e9tournements lors d&rsquo;une collecte ou d&rsquo;un stockage des donn\u00e9es que vous nous auriez communiqu\u00e9es, et emp\u00eacher toute communication \u00e0 des tiers non autoris\u00e9s.<\/p>\n<p>Cependant, malgr\u00e9 ces mesures, Internet demeure un syst\u00e8me ouvert et nous ne pouvons garantir que des tiers non autoris\u00e9s ne pourront d\u00e9jouer les mesures en question ou utiliser Vos Donn\u00e9es Personnelles \u00e0 des fins ill\u00e9gitimes. En cons\u00e9quence, Pack Avenir ne saura \u00eatre tenue comme responsable en cas de r\u00e9cup\u00e9ration frauduleuse de vos donn\u00e9es pour quelque utilisation que ce soit.<\/p>\n<p>Le Site peut proposer des liens vers des sites Internet de tiers susceptibles de vous int\u00e9resser.<\/p>\n<p>Pack Avenir n&rsquo;exerce aucun contr\u00f4le sur le contenu de sites de tiers ou sur les pratiques de ces tiers en mati\u00e8re de protection des Donn\u00e9es Personnelles qu&rsquo;ils pourraient recueillir. En cons\u00e9quence, Pack Avenir d\u00e9cline toute responsabilit\u00e9 concernant le traitement par ces tiers de Vos Donn\u00e9es Personnelles. Il est de votre responsabilit\u00e9 de vous renseigner sur les politiques de protection des donn\u00e9es personnelles de ces tiers.<\/p>\n<h2>Finalit\u00e9s de la collecte de donn\u00e9es<\/h2>\n<p>Nous traitons vos donn\u00e9es en tout ou partie aux fins de :<\/p>\n<ul>\n<li>Vous permettre de naviguer sur nos Sites et Applications et d\u2019adapter nos contenus \u00e0 votre terminal\u00a0 pour am\u00e9liorer votre navigation ;<\/li>\n<li>M\u00e9moriser les informations que vous avez renseign\u00e9es au sein des formulaires (votre compte utilisateur par exemple) ;<\/li>\n<li>Vous permettre de partager nos contenus sur les r\u00e9seaux sociaux ;<\/li>\n<li>Vous permettre une utilisation interactive et personnalis\u00e9e des Sites et des Applications ;<\/li>\n<li>Cerner vos besoins et centres d\u2019int\u00e9r\u00eat et pour vous fournir les produits et\/services les mieux adapt\u00e9s ;<\/li>\n<li>Vous permettre d\u2019ouvrir et de g\u00e9rer un compte afin d\u2019acc\u00e9der \u00e0 l\u2019ensemble des caract\u00e9ristiques et options offertes par les Sites et les Applications ;<\/li>\n<li>Envoyer des informations et\/ou des communications externes ;<\/li>\n<li>Organiser des jeux-concours (contact des gagnants, remise des dotations, etc.)<\/li>\n<li>Envoyer des newsletters, si vous y avez consenti en cochant la case correspondante,<\/li>\n<li>Organiser des \u00e9v\u00e8nements ;<\/li>\n<li>Envoyer des offres commerciales de la part de partenaires, si vous y avez consenti en cochant la case correspondante ;<\/li>\n<li>Analyser l\u2019audience et\u00a0 la fr\u00e9quentation du Site<\/li>\n<li>Analyser la performance de ces publicit\u00e9s ;<\/li>\n<li>Traiter les candidatures et g\u00e9rer les sources de recrutement ;<\/li>\n<\/ul>\n<p>Les destinataires de Vos Donn\u00e9es Personnelles sont nos propres \u00e9quipes de gestion et nos prestataires techniques.<\/p>\n<h2>Donn\u00e9es collect\u00e9es<\/h2>\n<h3>Donn\u00e9es Personnelles<\/h3>\n<p>Les Donn\u00e9es Personnelles peuvent inclure ce qui suit :<\/p>\n<ul>\n<li>Nom ;<\/li>\n<li>Pr\u00e9nom ;<\/li>\n<li>Adresse \u00e9lectronique ;<\/li>\n<li>Adresse postale ;<\/li>\n<li>Date de naissance ;<\/li>\n<li>Num\u00e9ro de t\u00e9l\u00e9phone ;<\/li>\n<li>Mot de passe ;<\/li>\n<li>Photo portrait ;<\/li>\n<li>G\u00e9olocalisation ;<\/li>\n<li>Adresse IP ;<\/li>\n<li>Nom de soci\u00e9t\u00e9\u00a0employeur :<\/li>\n<\/ul>\n<p>Et toute autre Donn\u00e9e Personnelle pouvant s\u2019av\u00e9rer pertinente aux fins \u00e9nonc\u00e9es ci-apr\u00e8s.<\/p>\n<h2>Cookies et autres traceurs<\/h2>\n<p>Les cookies, ou autres traceurs similaires, sont des fichiers utilis\u00e9s par un serveur pour dialoguer avec le navigateur. Les cookies permettent d\u2019envoyer des informations d\u2019\u00e9tat lorsqu\u2019un utilisateur consulte un site. Les informations d\u2019\u00e9tat peuvent \u00eatre par exemple un identifiant de session, une langue, une date d\u2019expiration, un domaine de r\u00e9ponse, etc. Les cookies permettent de conserver, pendant leur dur\u00e9e de validit\u00e9, des informations d&rsquo;\u00e9tat lorsqu\u2019un navigateur acc\u00e8de aux diff\u00e9rentes pages d&rsquo;un site Web ou lorsque ce navigateur retourne ult\u00e9rieurement sur ledit site. Seul l\u2019\u00e9metteur d\u2019un cookie peut lire ou modifier les informations qui y sont contenues. Il existe diff\u00e9rents types de cookies :<\/p>\n<ul>\n<li>des cookies de session qui disparaissent d\u00e8s que vous quittez le navigateur ou le site ;<\/li>\n<li>des cookies permanents qui demeurent sur votre terminal jusqu\u2019\u00e0 expiration de leur dur\u00e9e de vie (au maximum 12 mois) ou jusqu\u2019\u00e0 ce que vous les supprimiez \u00e0 l\u2019aide des fonctionnalit\u00e9s de votre navigateur.<\/li>\n<\/ul>\n<p>Vous pouvez acc\u00e9der \u00e0 votre panneau de gestion des cookies afin de param\u00e9trer le d\u00e9p\u00f4t et la lecture de cookies.<\/p>\n<h3>Comment d\u00e9sactiver les cookies ?<\/h3>\n<h4>Param\u00e9trages du navigateur<\/h4>\n<p>L\u2019installation de certains cookies est soumise \u00e0 votre consentement. Lors de votre premi\u00e8re visite sur le Site, un bandeau d\u2019information s\u2019affiche vous indiquant qu\u2019en continuant votre navigation sur le site, les cookies susvis\u00e9s seront install\u00e9s sur votre \u00e9quipement.<\/p>\n<p>Les cookies ou traceurs permettent de b\u00e9n\u00e9ficier pleinement des fonctionnalit\u00e9s du Site. Si votre navigateur est configur\u00e9 de mani\u00e8re \u00e0 refuser l&rsquo;ensemble des cookies ou traceurs, cela peut emp\u00eacher l\u2019utilisation de certains de nos services, ce dont Pack Avenir et les responsables du traitement des donn\u00e9es ne saurait \u00eatre responsable.<\/p>\n<h2>Les formulaires<\/h2>\n<h3>Inscription aux newsletters<\/h3>\n<h4>Newsletters partenaires<\/h4>\n<p>En autorisant ce type de newsletters, vous autorisez les partenaires de Pack Avenir \u00e0 vous envoyer des courriels personnalis\u00e9s, y compris des offres commerciales. Vous pouvez vous d\u00e9sinscrire \u00e0 tout moment, n\u00e9anmoins, la dur\u00e9e maximale de conservation de vos donn\u00e9es est de 10 ans.<\/p>\n<h4>Newsletters Pack Avenir<\/h4>\n<p>En autorisant ce type de newsletters, vous autorisez Pack Avenir \u00e0 vous envoyer des courriels personnalis\u00e9s. Vous pouvez vous d\u00e9sinscrire \u00e0 tout moment depuis l\u2019un des e-mails re\u00e7us, n\u00e9anmoins, la dur\u00e9e maximale de conservation de vos donn\u00e9es est de 10 ans.<\/p>\n<h3>Formulaire de contact<\/h3>\n<p>Les donn\u00e9es sont transmises par l\u2019usager du site qui souhaite adresser une remarque ou un signalement. Les informations recueillies \u00e0 partir de ce formulaire sont transmises au service en charge de g\u00e9rer les remarques sur le site de Pack Avenir . La dur\u00e9e maximale de conservation de vos donn\u00e9es est de 10 ans.<\/p>\n<h2>Vos droits<\/h2>\n<p>Conform\u00e9ment aux dispositions de la R\u00e9glementation applicable en mati\u00e8re de protection des donn\u00e9es personnelles, vous disposez notamment d\u2019un droit d\u2019acc\u00e8s, de rectification, d\u2019effacement des donn\u00e9es vous concernant et du droit d\u2019obtenir une copie des donn\u00e9es personnelles que nous d\u00e9tenons sous un format \u00e9lectronique structur\u00e9 (portabilit\u00e9).<\/p>\n<p>Vous disposez \u00e9galement d\u2019un droit d\u2019opposition pour motif l\u00e9gitime \u00e0 ce que les donn\u00e9es \u00e0 caract\u00e8re personnel vous concernant fassent l\u2019objet d\u2019un traitement, et d\u2019un droit d\u2019opposition \u00e0 ce que vos donn\u00e9es soient utilis\u00e9es \u00e0 des fins de prospection notamment commerciale.<\/p>\n<p>Vous pouvez exercer vos droits en nous adressant vos demandes par courrier postal \u00e0 l\u2019adresse suivante Pack Avenir \u2013 416 rue JB lamarck \u2013 ZA laprade \u2013 43700 Saint germain Laprade ou directement contact@esepac.com.<\/p>\n<p>Nous nous engageons \u00e0 r\u00e9pondre \u00e0 ces demandes dans un d\u00e9lai de 3 mois \u00e0 compter de la r\u00e9ception de la demande. Ce d\u00e9lai peut \u00eatre prolong\u00e9 de deux mois, selon la complexit\u00e9 et le nombre de demandes re\u00e7ues.<\/p>\n<p>En cas de litige sur l\u2019exercice de vos droits, vous avez la facult\u00e9 d\u2019introduire une r\u00e9clamation aupr\u00e8s de la Commission Nationale de l\u2019Informatique et des Libert\u00e9s.<\/p>\n<h2>Conservation des donn\u00e9es<\/h2>\n<p>Nous ne conservons Vos Donn\u00e9es Personnelles que pour une dur\u00e9e n\u00e9cessaire et proportionn\u00e9e \u00e0 la finalit\u00e9 pour laquelle elles ont \u00e9t\u00e9 collect\u00e9es \u00e0 savoir pour une dur\u00e9e maximale de 3 ans \u00e0 compter du dernier \u00e9change que vous avez eu avec nous et effectu\u00e9 \u00e0 votre initiative (connexion \u00e0 votre compte notamment).<\/p>\n<p>Au-del\u00e0 des p\u00e9riodes pr\u00e9cit\u00e9es, vos donn\u00e9es seront : anonymis\u00e9es \u00e0 des fins statistiques ou purement supprim\u00e9es.<\/p>\n<h2>Mise \u00e0 jour de la pr\u00e9sente politique de confidentialit\u00e9<\/h2>\n<p>La pr\u00e9sente politique de confidentialit\u00e9 est susceptible d\u2019\u00eatre modifi\u00e9e ou am\u00e9nag\u00e9e \u00e0 tout moment.<\/p>\n<p>Vous \u00eates invit\u00e9s \u00e0 la consulter r\u00e9guli\u00e8rement.<\/p>\n<p>Pour plus d\u2019informations pratiques sur l\u2019exercice de vos droits, nous vous recommandons de consulter le site de la Commission Nationale Informatique et Libert\u00e9s, et plus particuli\u00e8rement la page <a href=\"https:\/\/www.cnil.fr\/fr\/comprendre-vos-droits\" target=\"_blank\" rel=\"noopener noreferrer\">https:\/\/www.cnil.fr\/fr\/comprendre-vos-droits<\/a><\/p>\n<p>Derni\u00e8re modification le 08\/11\/2021<\/p>\n","protected":false},"excerpt":{"rendered":"<p>Pr\u00e9ambule Pack Avenir traite des donn\u00e9es \u00e0 caract\u00e8re personnel (ci-apr\u00e8s les \u00ab Donn\u00e9es Personnelles) \u00bb vous concernant dans le cadre de l\u2019utilisation de ce site internet (ci-apr\u00e8s le \u00ab Site \u00bb). En tant que responsable de traitement, nous sommes respectueux &hellip;<\/p>\n","protected":false},"author":1,"featured_media":0,"parent":0,"menu_order":100,"comment_status":"closed","ping_status":"closed","template":"","meta":[],"tags":[],"acf":[],"yoast_head":"<!-- This site is optimized with the Yoast SEO plugin v18.2 - https:\/\/yoast.com\/wordpress\/plugins\/seo\/ -->\n<meta name=\"robots\" content=\"index, follow, max-snippet:-1, max-image-preview:large, max-video-preview:-1\" \/>\n<link rel=\"canonical\" href=\"https:\/\/www.esepac.com\/pack-avenir\/rgpd-charte-de-confidentialite\/\" \/>\n<meta property=\"og:locale\" content=\"fr_FR\" \/>\n<meta property=\"og:type\" content=\"article\" \/>\n<meta property=\"og:title\" content=\"Politique de confidentialit\u00e9 - ESEPAC Pack Avenir\" \/>\n<meta property=\"og:description\" content=\"Pr\u00e9ambule Pack Avenir traite des donn\u00e9es \u00e0 caract\u00e8re personnel (ci-apr\u00e8s les \u00ab Donn\u00e9es Personnelles) \u00bb vous concernant dans le cadre de l\u2019utilisation de ce site internet (ci-apr\u00e8s le \u00ab Site \u00bb). En tant que responsable de traitement, nous sommes respectueux &hellip;\" \/>\n<meta property=\"og:url\" content=\"https:\/\/www.esepac.com\/pack-avenir\/rgpd-charte-de-confidentialite\/\" \/>\n<meta property=\"og:site_name\" content=\"ESEPAC Pack Avenir\" \/>\n<meta property=\"article:modified_time\" content=\"2021-11-08T16:21:13+00:00\" \/>\n<meta name=\"twitter:card\" content=\"summary_large_image\" \/>\n<meta name=\"twitter:label1\" content=\"Dur\u00e9e de lecture estim\u00e9e\" \/>\n\t<meta name=\"twitter:data1\" content=\"9 minutes\" \/>\n<script type=\"application\/ld+json\" class=\"yoast-schema-graph\">{\"@context\":\"https:\/\/schema.org\",\"@graph\":[{\"@type\":\"WebSite\",\"@id\":\"https:\/\/www.esepac.com\/pack-avenir\/#website\",\"url\":\"https:\/\/www.esepac.com\/pack-avenir\/\",\"name\":\"ESEPAC Pack Avenir\",\"description\":\"Pack Avenir, votre structure d&#039;ing\u00e9nierie Packaging\",\"potentialAction\":[{\"@type\":\"SearchAction\",\"target\":{\"@type\":\"EntryPoint\",\"urlTemplate\":\"https:\/\/www.esepac.com\/pack-avenir\/?s={search_term_string}\"},\"query-input\":\"required name=search_term_string\"}],\"inLanguage\":\"fr-FR\"},{\"@type\":\"WebPage\",\"@id\":\"https:\/\/www.esepac.com\/pack-avenir\/rgpd-charte-de-confidentialite\/#webpage\",\"url\":\"https:\/\/www.esepac.com\/pack-avenir\/rgpd-charte-de-confidentialite\/\",\"name\":\"Politique de confidentialit\u00e9 - ESEPAC Pack Avenir\",\"isPartOf\":{\"@id\":\"https:\/\/www.esepac.com\/pack-avenir\/#website\"},\"datePublished\":\"2019-12-13T15:25:16+00:00\",\"dateModified\":\"2021-11-08T16:21:13+00:00\",\"breadcrumb\":{\"@id\":\"https:\/\/www.esepac.com\/pack-avenir\/rgpd-charte-de-confidentialite\/#breadcrumb\"},\"inLanguage\":\"fr-FR\",\"potentialAction\":[{\"@type\":\"ReadAction\",\"target\":[\"https:\/\/www.esepac.com\/pack-avenir\/rgpd-charte-de-confidentialite\/\"]}]},{\"@type\":\"BreadcrumbList\",\"@id\":\"https:\/\/www.esepac.com\/pack-avenir\/rgpd-charte-de-confidentialite\/#breadcrumb\",\"itemListElement\":[{\"@type\":\"ListItem\",\"position\":1,\"name\":\"Accueil\",\"item\":\"https:\/\/www.esepac.com\/pack-avenir\/\"},{\"@type\":\"ListItem\",\"position\":2,\"name\":\"Politique de confidentialit\u00e9\"}]}]}<\/script>\n<!-- \/ Yoast SEO plugin. -->","yoast_head_json":{"robots":{"index":"index","follow":"follow","max-snippet":"max-snippet:-1","max-image-preview":"max-image-preview:large","max-video-preview":"max-video-preview:-1"},"canonical":"https:\/\/www.esepac.com\/pack-avenir\/rgpd-charte-de-confidentialite\/","og_locale":"fr_FR","og_type":"article","og_title":"Politique de confidentialit\u00e9 - ESEPAC Pack Avenir","og_description":"Pr\u00e9ambule Pack Avenir traite des donn\u00e9es \u00e0 caract\u00e8re personnel (ci-apr\u00e8s les \u00ab Donn\u00e9es Personnelles) \u00bb vous concernant dans le cadre de l\u2019utilisation de ce site internet (ci-apr\u00e8s le \u00ab Site \u00bb). En tant que responsable de traitement, nous sommes respectueux &hellip;","og_url":"https:\/\/www.esepac.com\/pack-avenir\/rgpd-charte-de-confidentialite\/","og_site_name":"ESEPAC Pack Avenir","article_modified_time":"2021-11-08T16:21:13+00:00","twitter_card":"summary_large_image","twitter_misc":{"Dur\u00e9e de lecture estim\u00e9e":"9 minutes"},"schema":{"@context":"https:\/\/schema.org","@graph":[{"@type":"WebSite","@id":"https:\/\/www.esepac.com\/pack-avenir\/#website","url":"https:\/\/www.esepac.com\/pack-avenir\/","name":"ESEPAC Pack Avenir","description":"Pack Avenir, votre structure d&#039;ing\u00e9nierie Packaging","potentialAction":[{"@type":"SearchAction","target":{"@type":"EntryPoint","urlTemplate":"https:\/\/www.esepac.com\/pack-avenir\/?s={search_term_string}"},"query-input":"required name=search_term_string"}],"inLanguage":"fr-FR"},{"@type":"WebPage","@id":"https:\/\/www.esepac.com\/pack-avenir\/rgpd-charte-de-confidentialite\/#webpage","url":"https:\/\/www.esepac.com\/pack-avenir\/rgpd-charte-de-confidentialite\/","name":"Politique de confidentialit\u00e9 - ESEPAC Pack Avenir","isPartOf":{"@id":"https:\/\/www.esepac.com\/pack-avenir\/#website"},"datePublished":"2019-12-13T15:25:16+00:00","dateModified":"2021-11-08T16:21:13+00:00","breadcrumb":{"@id":"https:\/\/www.esepac.com\/pack-avenir\/rgpd-charte-de-confidentialite\/#breadcrumb"},"inLanguage":"fr-FR","potentialAction":[{"@type":"ReadAction","target":["https:\/\/www.esepac.com\/pack-avenir\/rgpd-charte-de-confidentialite\/"]}]},{"@type":"BreadcrumbList","@id":"https:\/\/www.esepac.com\/pack-avenir\/rgpd-charte-de-confidentialite\/#breadcrumb","itemListElement":[{"@type":"ListItem","position":1,"name":"Accueil","item":"https:\/\/www.esepac.com\/pack-avenir\/"},{"@type":"ListItem","position":2,"name":"Politique de confidentialit\u00e9"}]}]}},"_links":{"self":[{"href":"https:\/\/www.esepac.com\/pack-avenir\/wp-json\/wp\/v2\/pages\/36"}],"collection":[{"href":"https:\/\/www.esepac.com\/pack-avenir\/wp-json\/wp\/v2\/pages"}],"about":[{"href":"https:\/\/www.esepac.com\/pack-avenir\/wp-json\/wp\/v2\/types\/page"}],"author":[{"embeddable":true,"href":"https:\/\/www.esepac.com\/pack-avenir\/wp-json\/wp\/v2\/users\/1"}],"replies":[{"embeddable":true,"href":"https:\/\/www.esepac.com\/pack-avenir\/wp-json\/wp\/v2\/comments?post=36"}],"version-history":[{"count":7,"href":"https:\/\/www.esepac.com\/pack-avenir\/wp-json\/wp\/v2\/pages\/36\/revisions"}],"predecessor-version":[{"id":1199,"href":"https:\/\/www.esepac.com\/pack-avenir\/wp-json\/wp\/v2\/pages\/36\/revisions\/1199"}],"wp:attachment":[{"href":"https:\/\/www.esepac.com\/pack-avenir\/wp-json\/wp\/v2\/media?parent=36"}],"wp:term":[{"taxonomy":"post_tag","embeddable":true,"href":"https:\/\/www.esepac.com\/pack-avenir\/wp-json\/wp\/v2\/tags?post=36"}],"curies":[{"name":"wp","href":"https:\/\/api.w.org\/{rel}","templated":true}]}}