{"id":34,"date":"2019-12-13T16:24:53","date_gmt":"2019-12-13T15:24:53","guid":{"rendered":"https:\/\/www.esepac.com\/pack-avenir\/?page_id=34"},"modified":"2021-11-03T18:18:53","modified_gmt":"2021-11-03T17:18:53","slug":"mentions-legales","status":"publish","type":"page","link":"https:\/\/www.esepac.com\/pack-avenir\/mentions-legales\/","title":{"rendered":"Mentions l\u00e9gales"},"content":{"rendered":"<p>En parcourant les pages du site, l&rsquo;internaute reconna\u00eet avoir lu et accept\u00e9 les limites de responsabilit\u00e9s et les conditions d&rsquo;utilisation du site. Pack Avenir ne peut \u00eatre tenu responsable des difficult\u00e9s de connexion au r\u00e9seau Internet ou de visualisation des pages du site.<\/p>\n<p>L&rsquo;internaute reconna\u00eet, en particulier, \u00eatre inform\u00e9 des diff\u00e9rences d&rsquo;interpr\u00e9tation des pages Internet par les diff\u00e9rents logiciels de navigation pr\u00e9sents sur le march\u00e9.<\/p>\n<h2>Editeur du site<\/h2>\n<p>Pack Avenir<\/p>\n<ul>\n<li>EURL<\/li>\n<li>416 rue JB lamarck, ZA Laprade,<\/li>\n<li>43700 Saint Germain Laprade<\/li>\n<li>Courriel : contact@esepac.com<\/li>\n<li>Siret \/ Siret number : 817 470 792 00018<\/li>\n<li>TVA intracommunautaire\u00a0\/ intra-community VAT : FR91\u00a0817\u00a0470 792<\/li>\n<li>Code NAF : 8542 Z<\/li>\n<li>N\u00b0 organisme de formation \/ Training organization n\u00b0 : 83 43 03385 43<\/li>\n<\/ul>\n<h2>Directeur de la publication<\/h2>\n<ul>\n<li>Nom \/ Pr\u00e9nom : Floriane Meillier Brouillat<\/li>\n<li>Adresse : Pack Avenir, 416 rue JB lamarck, ZA Laprade, 43700 Saint Germain Laprade<\/li>\n<\/ul>\n<h2>R\u00e9alisation du site<\/h2>\n<ul>\n<li>Nom : IRIS Interactive<\/li>\n<li>Adresse : 3 avenue d\u2019Aiguilhe &#8211; 43000 LE PUY EN VELAY (Si\u00e8ge social)<\/li>\n<li>Mail : contact@iris-interactive.fr<\/li>\n<\/ul>\n<h2>H\u00e9bergeur du site<\/h2>\n<ul>\n<li>Nom : IRIS Interactive<\/li>\n<li>Adresse : 3 avenue d\u2019Aiguilhe &#8211; 43000 LE PUY EN VELAY (Si\u00e8ge social)<\/li>\n<li>Mail : contact@iris-interactive.fr<\/li>\n<\/ul>\n<h2>Droit d\u2019auteur \u2013 Copyright \u00a9 \u2013 Liens<\/h2>\n<h3>La reproduction sur support papier<\/h3>\n<p>A l\u2019exception de l\u2019iconographie, la reproduction des pages de ce site sur un support papier est autoris\u00e9e, sous r\u00e9serve du respect des conditions suivantes :<\/p>\n<ul>\n<li>Gratuit\u00e9 de la diffusion,<\/li>\n<li>Respect de l\u2019int\u00e9grit\u00e9 des documents reproduits (aucune modification, ni alt\u00e9ration d\u2019aucune sorte)<\/li>\n<li>Citation explicite du site Pack Avenir comme source et mention que les droits de reproduction sont r\u00e9serv\u00e9s et strictement limit\u00e9s.<\/li>\n<\/ul>\n<h3>La reproduction sur support \u00e9lectronique<\/h3>\n<p>La reproduction de tout ou partie de ce site sur un support \u00e9lectronique est autoris\u00e9e sous r\u00e9serve de l\u2019ajout de fa\u00e7on claire et lisible de la source EPN et de la mention \u00ab Droits r\u00e9serv\u00e9s \u00bb. Les informations utilis\u00e9es ne doivent l\u2019\u00eatre qu\u2019\u00e0 des fins personnelles, associatives ou professionnelles ; toute utilisation \u00e0 des fins commerciales ou publicitaires est exclue.<\/p>\n<h3>La cr\u00e9ation de liens vers Pack Avenir<\/h3>\n<p>Le site de Pack Avenir autorise la mise en place d\u2019un lien hypertexte pointant vers son contenu, sous r\u00e9serve de :<\/p>\n<ul>\n<li>Ne pas utiliser la technique du lien profond (\u201cdeep linking\u201d), c\u2019est-\u00e0-dire que les pages du site Pack Avenir ne doivent pas \u00eatre imbriqu\u00e9es \u00e0 l\u2019int\u00e9rieur des pages d\u2019un autre site, mais accessible par l\u2019ouverture d\u2019une fen\u00eatre.<\/li>\n<li>Mentionner la source qui pointera gr\u00e2ce \u00e0 un lien hypertexte directement sur le contenu vis\u00e9.<\/li>\n<\/ul>\n<p>Les informations utilis\u00e9es ne doivent l\u2019\u00eatre qu\u2019\u00e0 des fins personnelles, associatives ou professionnelles ; toute utilisation \u00e0 des fins commerciales ou publicitaires est exclue. Cette autorisation ne s\u2019applique pas aux sites internet diffusant des informations \u00e0 caract\u00e8re pol\u00e9mique, pornographique, x\u00e9nophobe ou pouvant, dans une plus large mesure porter atteinte \u00e0 la sensibilit\u00e9 du plus grand nombre.<\/p>\n<p>Pour d\u2019autres utilisations, veuillez nous consulter.<\/p>\n<h2>Port\u00e9e des contenus<\/h2>\n<p>En d\u00e9pit du soin apport\u00e9 \u00e0 la collecte des informations ainsi qu\u2019\u00e0 la r\u00e9alisation du site au moyen des techniques les plus r\u00e9centes, des erreurs, omissions, inexactitudes, coupures ou additions ind\u00e9pendantes de notre volont\u00e9 peuvent demeurer ou s\u2019ins\u00e9rer sur ce site. Pack Avenir ne peut, pour cette raison, \u00eatre tenu \u00e0 garantie, ni express\u00e9ment, ni implicitement, pour l\u2019ensemble du contenu du site ; l\u2019utilisateur du site et des informations qu\u2019il contient reconna\u00eet qu\u2019il en fait usage \u00e0 ses seuls risques et p\u00e9rils et que Pack Avenir ne saurait en cons\u00e9quence voir sa responsabilit\u00e9 engag\u00e9e \u00e0 raison de tout pr\u00e9judice, direct ou indirect, de quelque nature que ce soit r\u00e9sultant pour tout ou partie de l\u2019utilisation des informations du site. De m\u00eame, Pack Avenir ne saurait voir sa responsabilit\u00e9 engag\u00e9e en raison de la nature ou du contenu des sites r\u00e9f\u00e9renc\u00e9s sur les pages qui suivent et notamment ceux pour lesquels un acc\u00e8s est permis par l\u2019utilisation des liens hypertextes figurant aux pages de ce site. Conform\u00e9ment \u00e0 la loi n\u00b078-17 du 6 janvier 1978, vous disposez d\u2019un droit d\u2019acc\u00e8s et de rectification aux donn\u00e9es vous concernant.<\/p>\n<h2>Protection des donn\u00e9es personnelles<\/h2>\n<p>Veuillez lire notre <a href=\"https:\/\/www.esepac.com\/pack-avenir\/rgpd-charte-de-confidentialite\/\" target=\"_blank\" rel=\"noopener noreferrer\">Politique de confidentialit\u00e9<\/a> pour plus d\u2019informations.<\/p>\n","protected":false},"excerpt":{"rendered":"<p>En parcourant les pages du site, l&rsquo;internaute reconna\u00eet avoir lu et accept\u00e9 les limites de responsabilit\u00e9s et les conditions d&rsquo;utilisation du site. Pack Avenir ne peut \u00eatre tenu responsable des difficult\u00e9s de connexion au r\u00e9seau Internet ou de visualisation des &hellip;<\/p>\n","protected":false},"author":1,"featured_media":0,"parent":0,"menu_order":90,"comment_status":"closed","ping_status":"closed","template":"","meta":[],"tags":[],"acf":[],"yoast_head":"<!-- This site is optimized with the Yoast SEO plugin v18.2 - https:\/\/yoast.com\/wordpress\/plugins\/seo\/ -->\n<meta name=\"robots\" content=\"index, follow, max-snippet:-1, max-image-preview:large, max-video-preview:-1\" \/>\n<link rel=\"canonical\" href=\"https:\/\/www.esepac.com\/pack-avenir\/mentions-legales\/\" \/>\n<meta property=\"og:locale\" content=\"fr_FR\" \/>\n<meta property=\"og:type\" content=\"article\" \/>\n<meta property=\"og:title\" content=\"Mentions l\u00e9gales - ESEPAC Pack Avenir\" \/>\n<meta property=\"og:description\" content=\"En parcourant les pages du site, l&rsquo;internaute reconna\u00eet avoir lu et accept\u00e9 les limites de responsabilit\u00e9s et les conditions d&rsquo;utilisation du site. Pack Avenir ne peut \u00eatre tenu responsable des difficult\u00e9s de connexion au r\u00e9seau Internet ou de visualisation des &hellip;\" \/>\n<meta property=\"og:url\" content=\"https:\/\/www.esepac.com\/pack-avenir\/mentions-legales\/\" \/>\n<meta property=\"og:site_name\" content=\"ESEPAC Pack Avenir\" \/>\n<meta property=\"article:modified_time\" content=\"2021-11-03T17:18:53+00:00\" \/>\n<meta name=\"twitter:card\" content=\"summary_large_image\" \/>\n<meta name=\"twitter:label1\" content=\"Dur\u00e9e de lecture estim\u00e9e\" \/>\n\t<meta name=\"twitter:data1\" content=\"4 minutes\" \/>\n<script type=\"application\/ld+json\" class=\"yoast-schema-graph\">{\"@context\":\"https:\/\/schema.org\",\"@graph\":[{\"@type\":\"WebSite\",\"@id\":\"https:\/\/www.esepac.com\/pack-avenir\/#website\",\"url\":\"https:\/\/www.esepac.com\/pack-avenir\/\",\"name\":\"ESEPAC Pack Avenir\",\"description\":\"Pack Avenir, votre structure d&#039;ing\u00e9nierie Packaging\",\"potentialAction\":[{\"@type\":\"SearchAction\",\"target\":{\"@type\":\"EntryPoint\",\"urlTemplate\":\"https:\/\/www.esepac.com\/pack-avenir\/?s={search_term_string}\"},\"query-input\":\"required name=search_term_string\"}],\"inLanguage\":\"fr-FR\"},{\"@type\":\"WebPage\",\"@id\":\"https:\/\/www.esepac.com\/pack-avenir\/mentions-legales\/#webpage\",\"url\":\"https:\/\/www.esepac.com\/pack-avenir\/mentions-legales\/\",\"name\":\"Mentions l\u00e9gales - ESEPAC Pack Avenir\",\"isPartOf\":{\"@id\":\"https:\/\/www.esepac.com\/pack-avenir\/#website\"},\"datePublished\":\"2019-12-13T15:24:53+00:00\",\"dateModified\":\"2021-11-03T17:18:53+00:00\",\"breadcrumb\":{\"@id\":\"https:\/\/www.esepac.com\/pack-avenir\/mentions-legales\/#breadcrumb\"},\"inLanguage\":\"fr-FR\",\"potentialAction\":[{\"@type\":\"ReadAction\",\"target\":[\"https:\/\/www.esepac.com\/pack-avenir\/mentions-legales\/\"]}]},{\"@type\":\"BreadcrumbList\",\"@id\":\"https:\/\/www.esepac.com\/pack-avenir\/mentions-legales\/#breadcrumb\",\"itemListElement\":[{\"@type\":\"ListItem\",\"position\":1,\"name\":\"Accueil\",\"item\":\"https:\/\/www.esepac.com\/pack-avenir\/\"},{\"@type\":\"ListItem\",\"position\":2,\"name\":\"Mentions l\u00e9gales\"}]}]}<\/script>\n<!-- \/ Yoast SEO plugin. -->","yoast_head_json":{"robots":{"index":"index","follow":"follow","max-snippet":"max-snippet:-1","max-image-preview":"max-image-preview:large","max-video-preview":"max-video-preview:-1"},"canonical":"https:\/\/www.esepac.com\/pack-avenir\/mentions-legales\/","og_locale":"fr_FR","og_type":"article","og_title":"Mentions l\u00e9gales - ESEPAC Pack Avenir","og_description":"En parcourant les pages du site, l&rsquo;internaute reconna\u00eet avoir lu et accept\u00e9 les limites de responsabilit\u00e9s et les conditions d&rsquo;utilisation du site. Pack Avenir ne peut \u00eatre tenu responsable des difficult\u00e9s de connexion au r\u00e9seau Internet ou de visualisation des &hellip;","og_url":"https:\/\/www.esepac.com\/pack-avenir\/mentions-legales\/","og_site_name":"ESEPAC Pack Avenir","article_modified_time":"2021-11-03T17:18:53+00:00","twitter_card":"summary_large_image","twitter_misc":{"Dur\u00e9e de lecture estim\u00e9e":"4 minutes"},"schema":{"@context":"https:\/\/schema.org","@graph":[{"@type":"WebSite","@id":"https:\/\/www.esepac.com\/pack-avenir\/#website","url":"https:\/\/www.esepac.com\/pack-avenir\/","name":"ESEPAC Pack Avenir","description":"Pack Avenir, votre structure d&#039;ing\u00e9nierie Packaging","potentialAction":[{"@type":"SearchAction","target":{"@type":"EntryPoint","urlTemplate":"https:\/\/www.esepac.com\/pack-avenir\/?s={search_term_string}"},"query-input":"required name=search_term_string"}],"inLanguage":"fr-FR"},{"@type":"WebPage","@id":"https:\/\/www.esepac.com\/pack-avenir\/mentions-legales\/#webpage","url":"https:\/\/www.esepac.com\/pack-avenir\/mentions-legales\/","name":"Mentions l\u00e9gales - ESEPAC Pack Avenir","isPartOf":{"@id":"https:\/\/www.esepac.com\/pack-avenir\/#website"},"datePublished":"2019-12-13T15:24:53+00:00","dateModified":"2021-11-03T17:18:53+00:00","breadcrumb":{"@id":"https:\/\/www.esepac.com\/pack-avenir\/mentions-legales\/#breadcrumb"},"inLanguage":"fr-FR","potentialAction":[{"@type":"ReadAction","target":["https:\/\/www.esepac.com\/pack-avenir\/mentions-legales\/"]}]},{"@type":"BreadcrumbList","@id":"https:\/\/www.esepac.com\/pack-avenir\/mentions-legales\/#breadcrumb","itemListElement":[{"@type":"ListItem","position":1,"name":"Accueil","item":"https:\/\/www.esepac.com\/pack-avenir\/"},{"@type":"ListItem","position":2,"name":"Mentions l\u00e9gales"}]}]}},"_links":{"self":[{"href":"https:\/\/www.esepac.com\/pack-avenir\/wp-json\/wp\/v2\/pages\/34"}],"collection":[{"href":"https:\/\/www.esepac.com\/pack-avenir\/wp-json\/wp\/v2\/pages"}],"about":[{"href":"https:\/\/www.esepac.com\/pack-avenir\/wp-json\/wp\/v2\/types\/page"}],"author":[{"embeddable":true,"href":"https:\/\/www.esepac.com\/pack-avenir\/wp-json\/wp\/v2\/users\/1"}],"replies":[{"embeddable":true,"href":"https:\/\/www.esepac.com\/pack-avenir\/wp-json\/wp\/v2\/comments?post=34"}],"version-history":[{"count":5,"href":"https:\/\/www.esepac.com\/pack-avenir\/wp-json\/wp\/v2\/pages\/34\/revisions"}],"predecessor-version":[{"id":1186,"href":"https:\/\/www.esepac.com\/pack-avenir\/wp-json\/wp\/v2\/pages\/34\/revisions\/1186"}],"wp:attachment":[{"href":"https:\/\/www.esepac.com\/pack-avenir\/wp-json\/wp\/v2\/media?parent=34"}],"wp:term":[{"taxonomy":"post_tag","embeddable":true,"href":"https:\/\/www.esepac.com\/pack-avenir\/wp-json\/wp\/v2\/tags?post=34"}],"curies":[{"name":"wp","href":"https:\/\/api.w.org\/{rel}","templated":true}]}}