{"id":1203,"date":"2021-11-09T17:46:45","date_gmt":"2021-11-09T16:46:45","guid":{"rendered":"https:\/\/www.esepac.com\/pack-avenir\/?page_id=1203"},"modified":"2021-11-09T17:49:19","modified_gmt":"2021-11-09T16:49:19","slug":"venir-en-avion","status":"publish","type":"page","link":"https:\/\/www.esepac.com\/pack-avenir\/accueil\/contact\/venir-en-avion\/","title":{"rendered":"Venir en avion"},"content":{"rendered":"<ul>\n<li><strong>Direct de\u00a0Paris<\/strong>, A\u00e9roport d\u2019Orly \u2013 A\u00e9roport Le Puy-Loudes, Compagnie a\u00e9rienne Twinjet:\u00a0<a href=\"https:\/\/www.twinjet.fr\/\">https:\/\/www.twinjet.fr\/<\/a><br \/>\nPrendre un Taxi ou une voiture de location. Traverser le Puy, puis suivre indications ci-dessus \u00ab\u00a0en venant de Clermont-Ferrand\u00a0\u00bb<\/li>\n<li><strong>Via\u00a0St-Etienne<\/strong>, A\u00e9roport de Paris \u2013 A\u00e9roport de St Etienne (Andr\u00e9zieux-Bouth\u00e9on) puis voiture de location. Prendre direction St-Etienne, puis direction Le Puy-Yssingeaux, puis suivre les indications ci-dessus \u00ab\u00a0en venant de St-Etienne\u00a0\u00bb.<\/li>\n<\/ul>\n","protected":false},"excerpt":{"rendered":"<p>Direct de\u00a0Paris, A\u00e9roport d\u2019Orly \u2013 A\u00e9roport Le Puy-Loudes, Compagnie a\u00e9rienne Twinjet:\u00a0https:\/\/www.twinjet.fr\/ Prendre un Taxi ou une voiture de location. Traverser le Puy, puis suivre indications ci-dessus \u00ab\u00a0en venant de Clermont-Ferrand\u00a0\u00bb Via\u00a0St-Etienne, A\u00e9roport de Paris \u2013 A\u00e9roport de St Etienne (Andr\u00e9zieux-Bouth\u00e9on) &hellip;<\/p>\n","protected":false},"author":1,"featured_media":0,"parent":16,"menu_order":10,"comment_status":"closed","ping_status":"closed","template":"","meta":[],"tags":[],"acf":[],"yoast_head":"<!-- This site is optimized with the Yoast SEO plugin v18.2 - https:\/\/yoast.com\/wordpress\/plugins\/seo\/ -->\n<meta name=\"robots\" content=\"index, follow, max-snippet:-1, max-image-preview:large, max-video-preview:-1\" \/>\n<link rel=\"canonical\" href=\"https:\/\/www.esepac.com\/pack-avenir\/accueil\/contact\/venir-en-avion\/\" \/>\n<meta property=\"og:locale\" content=\"fr_FR\" \/>\n<meta property=\"og:type\" content=\"article\" \/>\n<meta property=\"og:title\" content=\"Venir en avion - ESEPAC Pack Avenir\" \/>\n<meta property=\"og:description\" content=\"Direct de\u00a0Paris, A\u00e9roport d\u2019Orly \u2013 A\u00e9roport Le Puy-Loudes, Compagnie a\u00e9rienne Twinjet:\u00a0https:\/\/www.twinjet.fr\/ Prendre un Taxi ou une voiture de location. Traverser le Puy, puis suivre indications ci-dessus \u00ab\u00a0en venant de Clermont-Ferrand\u00a0\u00bb Via\u00a0St-Etienne, A\u00e9roport de Paris \u2013 A\u00e9roport de St Etienne (Andr\u00e9zieux-Bouth\u00e9on) &hellip;\" \/>\n<meta property=\"og:url\" content=\"https:\/\/www.esepac.com\/pack-avenir\/accueil\/contact\/venir-en-avion\/\" \/>\n<meta property=\"og:site_name\" content=\"ESEPAC Pack Avenir\" \/>\n<meta property=\"article:modified_time\" content=\"2021-11-09T16:49:19+00:00\" \/>\n<meta name=\"twitter:card\" content=\"summary_large_image\" \/>\n<script type=\"application\/ld+json\" class=\"yoast-schema-graph\">{\"@context\":\"https:\/\/schema.org\",\"@graph\":[{\"@type\":\"WebSite\",\"@id\":\"https:\/\/www.esepac.com\/pack-avenir\/#website\",\"url\":\"https:\/\/www.esepac.com\/pack-avenir\/\",\"name\":\"ESEPAC Pack Avenir\",\"description\":\"Pack Avenir, votre structure d&#039;ing\u00e9nierie Packaging\",\"potentialAction\":[{\"@type\":\"SearchAction\",\"target\":{\"@type\":\"EntryPoint\",\"urlTemplate\":\"https:\/\/www.esepac.com\/pack-avenir\/?s={search_term_string}\"},\"query-input\":\"required name=search_term_string\"}],\"inLanguage\":\"fr-FR\"},{\"@type\":\"WebPage\",\"@id\":\"https:\/\/www.esepac.com\/pack-avenir\/accueil\/contact\/venir-en-avion\/#webpage\",\"url\":\"https:\/\/www.esepac.com\/pack-avenir\/accueil\/contact\/venir-en-avion\/\",\"name\":\"Venir en avion - ESEPAC Pack Avenir\",\"isPartOf\":{\"@id\":\"https:\/\/www.esepac.com\/pack-avenir\/#website\"},\"datePublished\":\"2021-11-09T16:46:45+00:00\",\"dateModified\":\"2021-11-09T16:49:19+00:00\",\"breadcrumb\":{\"@id\":\"https:\/\/www.esepac.com\/pack-avenir\/accueil\/contact\/venir-en-avion\/#breadcrumb\"},\"inLanguage\":\"fr-FR\",\"potentialAction\":[{\"@type\":\"ReadAction\",\"target\":[\"https:\/\/www.esepac.com\/pack-avenir\/accueil\/contact\/venir-en-avion\/\"]}]},{\"@type\":\"BreadcrumbList\",\"@id\":\"https:\/\/www.esepac.com\/pack-avenir\/accueil\/contact\/venir-en-avion\/#breadcrumb\",\"itemListElement\":[{\"@type\":\"ListItem\",\"position\":1,\"name\":\"Accueil\",\"item\":\"https:\/\/www.esepac.com\/pack-avenir\/\"},{\"@type\":\"ListItem\",\"position\":2,\"name\":\"Accueil\",\"item\":\"https:\/\/www.esepac.com\/pack-avenir\/\"},{\"@type\":\"ListItem\",\"position\":3,\"name\":\"Contact\",\"item\":\"https:\/\/www.esepac.com\/pack-avenir\/accueil\/contact\/\"},{\"@type\":\"ListItem\",\"position\":4,\"name\":\"Venir en avion\"}]}]}<\/script>\n<!-- \/ Yoast SEO plugin. -->","yoast_head_json":{"robots":{"index":"index","follow":"follow","max-snippet":"max-snippet:-1","max-image-preview":"max-image-preview:large","max-video-preview":"max-video-preview:-1"},"canonical":"https:\/\/www.esepac.com\/pack-avenir\/accueil\/contact\/venir-en-avion\/","og_locale":"fr_FR","og_type":"article","og_title":"Venir en avion - ESEPAC Pack Avenir","og_description":"Direct de\u00a0Paris, A\u00e9roport d\u2019Orly \u2013 A\u00e9roport Le Puy-Loudes, Compagnie a\u00e9rienne Twinjet:\u00a0https:\/\/www.twinjet.fr\/ Prendre un Taxi ou une voiture de location. Traverser le Puy, puis suivre indications ci-dessus \u00ab\u00a0en venant de Clermont-Ferrand\u00a0\u00bb Via\u00a0St-Etienne, A\u00e9roport de Paris \u2013 A\u00e9roport de St Etienne (Andr\u00e9zieux-Bouth\u00e9on) &hellip;","og_url":"https:\/\/www.esepac.com\/pack-avenir\/accueil\/contact\/venir-en-avion\/","og_site_name":"ESEPAC Pack Avenir","article_modified_time":"2021-11-09T16:49:19+00:00","twitter_card":"summary_large_image","schema":{"@context":"https:\/\/schema.org","@graph":[{"@type":"WebSite","@id":"https:\/\/www.esepac.com\/pack-avenir\/#website","url":"https:\/\/www.esepac.com\/pack-avenir\/","name":"ESEPAC Pack Avenir","description":"Pack Avenir, votre structure d&#039;ing\u00e9nierie Packaging","potentialAction":[{"@type":"SearchAction","target":{"@type":"EntryPoint","urlTemplate":"https:\/\/www.esepac.com\/pack-avenir\/?s={search_term_string}"},"query-input":"required name=search_term_string"}],"inLanguage":"fr-FR"},{"@type":"WebPage","@id":"https:\/\/www.esepac.com\/pack-avenir\/accueil\/contact\/venir-en-avion\/#webpage","url":"https:\/\/www.esepac.com\/pack-avenir\/accueil\/contact\/venir-en-avion\/","name":"Venir en avion - ESEPAC Pack Avenir","isPartOf":{"@id":"https:\/\/www.esepac.com\/pack-avenir\/#website"},"datePublished":"2021-11-09T16:46:45+00:00","dateModified":"2021-11-09T16:49:19+00:00","breadcrumb":{"@id":"https:\/\/www.esepac.com\/pack-avenir\/accueil\/contact\/venir-en-avion\/#breadcrumb"},"inLanguage":"fr-FR","potentialAction":[{"@type":"ReadAction","target":["https:\/\/www.esepac.com\/pack-avenir\/accueil\/contact\/venir-en-avion\/"]}]},{"@type":"BreadcrumbList","@id":"https:\/\/www.esepac.com\/pack-avenir\/accueil\/contact\/venir-en-avion\/#breadcrumb","itemListElement":[{"@type":"ListItem","position":1,"name":"Accueil","item":"https:\/\/www.esepac.com\/pack-avenir\/"},{"@type":"ListItem","position":2,"name":"Accueil","item":"https:\/\/www.esepac.com\/pack-avenir\/"},{"@type":"ListItem","position":3,"name":"Contact","item":"https:\/\/www.esepac.com\/pack-avenir\/accueil\/contact\/"},{"@type":"ListItem","position":4,"name":"Venir en avion"}]}]}},"_links":{"self":[{"href":"https:\/\/www.esepac.com\/pack-avenir\/wp-json\/wp\/v2\/pages\/1203"}],"collection":[{"href":"https:\/\/www.esepac.com\/pack-avenir\/wp-json\/wp\/v2\/pages"}],"about":[{"href":"https:\/\/www.esepac.com\/pack-avenir\/wp-json\/wp\/v2\/types\/page"}],"author":[{"embeddable":true,"href":"https:\/\/www.esepac.com\/pack-avenir\/wp-json\/wp\/v2\/users\/1"}],"replies":[{"embeddable":true,"href":"https:\/\/www.esepac.com\/pack-avenir\/wp-json\/wp\/v2\/comments?post=1203"}],"version-history":[{"count":4,"href":"https:\/\/www.esepac.com\/pack-avenir\/wp-json\/wp\/v2\/pages\/1203\/revisions"}],"predecessor-version":[{"id":1211,"href":"https:\/\/www.esepac.com\/pack-avenir\/wp-json\/wp\/v2\/pages\/1203\/revisions\/1211"}],"up":[{"embeddable":true,"href":"https:\/\/www.esepac.com\/pack-avenir\/wp-json\/wp\/v2\/pages\/16"}],"wp:attachment":[{"href":"https:\/\/www.esepac.com\/pack-avenir\/wp-json\/wp\/v2\/media?parent=1203"}],"wp:term":[{"taxonomy":"post_tag","embeddable":true,"href":"https:\/\/www.esepac.com\/pack-avenir\/wp-json\/wp\/v2\/tags?post=1203"}],"curies":[{"name":"wp","href":"https:\/\/api.w.org\/{rel}","templated":true}]}}