{"id":1202,"date":"2021-11-09T17:46:32","date_gmt":"2021-11-09T16:46:32","guid":{"rendered":"https:\/\/www.esepac.com\/pack-avenir\/?page_id=1202"},"modified":"2021-11-09T17:49:30","modified_gmt":"2021-11-09T16:49:30","slug":"venir-en-voiture","status":"publish","type":"page","link":"https:\/\/www.esepac.com\/pack-avenir\/accueil\/contact\/venir-en-voiture\/","title":{"rendered":"Venir en voiture"},"content":{"rendered":"<ul>\n<li>En venant de Lyon \u2013 St-Etienne :<br \/>\nN88, direction Le Puy en Velay, sortie n\u00b0 156 Blavozy<br \/>\nEnjamber la N88 par le pont, au carrefour, 1<sup>\u00e8re<\/sup>\u00a0\u00e0 droite, puis 2<sup>\u00e8me<\/sup>\u00a0\u00e0 gauche.<br \/>\nA\u00a0l\u2019intersection suivante, \u00e0 gauche, juste apr\u00e8s Citro\u00ebn et La Carrosserie<\/li>\n<li>En venant de Clermont-Ferrand :<br \/>\nN102, prendre la direction de St Etienne, sortie n\u00b0 156 Blavozy<br \/>\nAu carrefour, 1<sup>\u00e8re<\/sup>\u00a0\u00e0 droite, puis 2<sup>\u00e8me<\/sup>\u00a0\u00e0 gauche.<br \/>\nA\u00a0l\u2019intersection suivante, \u00e0 gauche, juste apr\u00e8s Citro\u00ebn et La Carrosserie<\/li>\n<\/ul>\n","protected":false},"excerpt":{"rendered":"<p>En venant de Lyon \u2013 St-Etienne : N88, direction Le Puy en Velay, sortie n\u00b0 156 Blavozy Enjamber la N88 par le pont, au carrefour, 1\u00e8re\u00a0\u00e0 droite, puis 2\u00e8me\u00a0\u00e0 gauche. A\u00a0l\u2019intersection suivante, \u00e0 gauche, juste apr\u00e8s Citro\u00ebn et La Carrosserie &hellip;<\/p>\n","protected":false},"author":1,"featured_media":0,"parent":16,"menu_order":30,"comment_status":"closed","ping_status":"closed","template":"","meta":[],"tags":[],"acf":[],"yoast_head":"<!-- This site is optimized with the Yoast SEO plugin v18.2 - https:\/\/yoast.com\/wordpress\/plugins\/seo\/ -->\n<meta name=\"robots\" content=\"index, follow, max-snippet:-1, max-image-preview:large, max-video-preview:-1\" \/>\n<link rel=\"canonical\" href=\"https:\/\/www.esepac.com\/pack-avenir\/accueil\/contact\/venir-en-voiture\/\" \/>\n<meta property=\"og:locale\" content=\"fr_FR\" \/>\n<meta property=\"og:type\" content=\"article\" \/>\n<meta property=\"og:title\" content=\"Venir en voiture - ESEPAC Pack Avenir\" \/>\n<meta property=\"og:description\" content=\"En venant de Lyon \u2013 St-Etienne : N88, direction Le Puy en Velay, sortie n\u00b0 156 Blavozy Enjamber la N88 par le pont, au carrefour, 1\u00e8re\u00a0\u00e0 droite, puis 2\u00e8me\u00a0\u00e0 gauche. A\u00a0l\u2019intersection suivante, \u00e0 gauche, juste apr\u00e8s Citro\u00ebn et La Carrosserie &hellip;\" \/>\n<meta property=\"og:url\" content=\"https:\/\/www.esepac.com\/pack-avenir\/accueil\/contact\/venir-en-voiture\/\" \/>\n<meta property=\"og:site_name\" content=\"ESEPAC Pack Avenir\" \/>\n<meta property=\"article:modified_time\" content=\"2021-11-09T16:49:30+00:00\" \/>\n<meta name=\"twitter:card\" content=\"summary_large_image\" \/>\n<script type=\"application\/ld+json\" class=\"yoast-schema-graph\">{\"@context\":\"https:\/\/schema.org\",\"@graph\":[{\"@type\":\"WebSite\",\"@id\":\"https:\/\/www.esepac.com\/pack-avenir\/#website\",\"url\":\"https:\/\/www.esepac.com\/pack-avenir\/\",\"name\":\"ESEPAC Pack Avenir\",\"description\":\"Pack Avenir, votre structure d&#039;ing\u00e9nierie Packaging\",\"potentialAction\":[{\"@type\":\"SearchAction\",\"target\":{\"@type\":\"EntryPoint\",\"urlTemplate\":\"https:\/\/www.esepac.com\/pack-avenir\/?s={search_term_string}\"},\"query-input\":\"required name=search_term_string\"}],\"inLanguage\":\"fr-FR\"},{\"@type\":\"WebPage\",\"@id\":\"https:\/\/www.esepac.com\/pack-avenir\/accueil\/contact\/venir-en-voiture\/#webpage\",\"url\":\"https:\/\/www.esepac.com\/pack-avenir\/accueil\/contact\/venir-en-voiture\/\",\"name\":\"Venir en voiture - ESEPAC Pack Avenir\",\"isPartOf\":{\"@id\":\"https:\/\/www.esepac.com\/pack-avenir\/#website\"},\"datePublished\":\"2021-11-09T16:46:32+00:00\",\"dateModified\":\"2021-11-09T16:49:30+00:00\",\"breadcrumb\":{\"@id\":\"https:\/\/www.esepac.com\/pack-avenir\/accueil\/contact\/venir-en-voiture\/#breadcrumb\"},\"inLanguage\":\"fr-FR\",\"potentialAction\":[{\"@type\":\"ReadAction\",\"target\":[\"https:\/\/www.esepac.com\/pack-avenir\/accueil\/contact\/venir-en-voiture\/\"]}]},{\"@type\":\"BreadcrumbList\",\"@id\":\"https:\/\/www.esepac.com\/pack-avenir\/accueil\/contact\/venir-en-voiture\/#breadcrumb\",\"itemListElement\":[{\"@type\":\"ListItem\",\"position\":1,\"name\":\"Accueil\",\"item\":\"https:\/\/www.esepac.com\/pack-avenir\/\"},{\"@type\":\"ListItem\",\"position\":2,\"name\":\"Accueil\",\"item\":\"https:\/\/www.esepac.com\/pack-avenir\/\"},{\"@type\":\"ListItem\",\"position\":3,\"name\":\"Contact\",\"item\":\"https:\/\/www.esepac.com\/pack-avenir\/accueil\/contact\/\"},{\"@type\":\"ListItem\",\"position\":4,\"name\":\"Venir en voiture\"}]}]}<\/script>\n<!-- \/ Yoast SEO plugin. -->","yoast_head_json":{"robots":{"index":"index","follow":"follow","max-snippet":"max-snippet:-1","max-image-preview":"max-image-preview:large","max-video-preview":"max-video-preview:-1"},"canonical":"https:\/\/www.esepac.com\/pack-avenir\/accueil\/contact\/venir-en-voiture\/","og_locale":"fr_FR","og_type":"article","og_title":"Venir en voiture - ESEPAC Pack Avenir","og_description":"En venant de Lyon \u2013 St-Etienne : N88, direction Le Puy en Velay, sortie n\u00b0 156 Blavozy Enjamber la N88 par le pont, au carrefour, 1\u00e8re\u00a0\u00e0 droite, puis 2\u00e8me\u00a0\u00e0 gauche. A\u00a0l\u2019intersection suivante, \u00e0 gauche, juste apr\u00e8s Citro\u00ebn et La Carrosserie &hellip;","og_url":"https:\/\/www.esepac.com\/pack-avenir\/accueil\/contact\/venir-en-voiture\/","og_site_name":"ESEPAC Pack Avenir","article_modified_time":"2021-11-09T16:49:30+00:00","twitter_card":"summary_large_image","schema":{"@context":"https:\/\/schema.org","@graph":[{"@type":"WebSite","@id":"https:\/\/www.esepac.com\/pack-avenir\/#website","url":"https:\/\/www.esepac.com\/pack-avenir\/","name":"ESEPAC Pack Avenir","description":"Pack Avenir, votre structure d&#039;ing\u00e9nierie Packaging","potentialAction":[{"@type":"SearchAction","target":{"@type":"EntryPoint","urlTemplate":"https:\/\/www.esepac.com\/pack-avenir\/?s={search_term_string}"},"query-input":"required name=search_term_string"}],"inLanguage":"fr-FR"},{"@type":"WebPage","@id":"https:\/\/www.esepac.com\/pack-avenir\/accueil\/contact\/venir-en-voiture\/#webpage","url":"https:\/\/www.esepac.com\/pack-avenir\/accueil\/contact\/venir-en-voiture\/","name":"Venir en voiture - ESEPAC Pack Avenir","isPartOf":{"@id":"https:\/\/www.esepac.com\/pack-avenir\/#website"},"datePublished":"2021-11-09T16:46:32+00:00","dateModified":"2021-11-09T16:49:30+00:00","breadcrumb":{"@id":"https:\/\/www.esepac.com\/pack-avenir\/accueil\/contact\/venir-en-voiture\/#breadcrumb"},"inLanguage":"fr-FR","potentialAction":[{"@type":"ReadAction","target":["https:\/\/www.esepac.com\/pack-avenir\/accueil\/contact\/venir-en-voiture\/"]}]},{"@type":"BreadcrumbList","@id":"https:\/\/www.esepac.com\/pack-avenir\/accueil\/contact\/venir-en-voiture\/#breadcrumb","itemListElement":[{"@type":"ListItem","position":1,"name":"Accueil","item":"https:\/\/www.esepac.com\/pack-avenir\/"},{"@type":"ListItem","position":2,"name":"Accueil","item":"https:\/\/www.esepac.com\/pack-avenir\/"},{"@type":"ListItem","position":3,"name":"Contact","item":"https:\/\/www.esepac.com\/pack-avenir\/accueil\/contact\/"},{"@type":"ListItem","position":4,"name":"Venir en voiture"}]}]}},"_links":{"self":[{"href":"https:\/\/www.esepac.com\/pack-avenir\/wp-json\/wp\/v2\/pages\/1202"}],"collection":[{"href":"https:\/\/www.esepac.com\/pack-avenir\/wp-json\/wp\/v2\/pages"}],"about":[{"href":"https:\/\/www.esepac.com\/pack-avenir\/wp-json\/wp\/v2\/types\/page"}],"author":[{"embeddable":true,"href":"https:\/\/www.esepac.com\/pack-avenir\/wp-json\/wp\/v2\/users\/1"}],"replies":[{"embeddable":true,"href":"https:\/\/www.esepac.com\/pack-avenir\/wp-json\/wp\/v2\/comments?post=1202"}],"version-history":[{"count":2,"href":"https:\/\/www.esepac.com\/pack-avenir\/wp-json\/wp\/v2\/pages\/1202\/revisions"}],"predecessor-version":[{"id":1212,"href":"https:\/\/www.esepac.com\/pack-avenir\/wp-json\/wp\/v2\/pages\/1202\/revisions\/1212"}],"up":[{"embeddable":true,"href":"https:\/\/www.esepac.com\/pack-avenir\/wp-json\/wp\/v2\/pages\/16"}],"wp:attachment":[{"href":"https:\/\/www.esepac.com\/pack-avenir\/wp-json\/wp\/v2\/media?parent=1202"}],"wp:term":[{"taxonomy":"post_tag","embeddable":true,"href":"https:\/\/www.esepac.com\/pack-avenir\/wp-json\/wp\/v2\/tags?post=1202"}],"curies":[{"name":"wp","href":"https:\/\/api.w.org\/{rel}","templated":true}]}}