{"id":1036,"date":"2021-07-15T14:32:15","date_gmt":"2021-07-15T12:32:15","guid":{"rendered":"https:\/\/www.esepac.com\/pack-avenir\/?page_id=1036"},"modified":"2025-04-09T09:16:43","modified_gmt":"2025-04-09T07:16:43","slug":"presentation","status":"publish","type":"page","link":"https:\/\/www.esepac.com\/pack-avenir\/presentation\/","title":{"rendered":"Qui sommes nous ?"},"content":{"rendered":"<h4 style=\"text-align: left;\"><strong>Nous sommes l&rsquo;entit\u00e9 commerciale de l<a href=\"https:\/\/www.esepac.com\/\">&lsquo;ESEPAC.<\/a><\/strong><\/h4>\n<p style=\"text-align: left;\">Depuis 2016 Pack Avenir <span style=\"color: #000000;\">\u0153uvre<\/span> aupr\u00e8s de ses <span style=\"color: #000000;\">clients<\/span> dans le domaine du packaging.<\/p>\n<p>Nos clients \u00e9voluent sur des <strong><span style=\"color: #1f5ba7;\">march\u00e9s divers<\/span><\/strong>: cosm\u00e9tique, pharmaceutique, agro-alimentaire, bricolage, automobile, hygi\u00e8ne\/m\u00e9nager, vins et spiritueux,&#8230;<\/p>\n<p>L&rsquo;<strong><span style=\"color: #1f5ba7;\">\u00e9co-conception<\/span><\/strong> est au c\u0153ur de nos actions.<\/p>\n<p>Nous \u00e9tudions<strong><span style=\"color: #1f5ba7;\"> tous les mat\u00e9riaux<\/span><\/strong>, tous les leviers pour <strong><span style=\"color: #f8b133;\">R\u00e9duire, R\u00e9employer, Recycler<\/span><\/strong>&#8230;<\/p>\n<p>En tant qu&rsquo;expert m\u00e9tier, nous r\u00e9alisons une <strong><span style=\"color: #1f5ba7;\">veille technologique r\u00e9glementaire.\u00a0<\/span><\/strong><\/p>\n<h4 style=\"text-align: left;\"><img loading=\"lazy\" class=\"alignnone size-full wp-image-1676\" src=\"https:\/\/www.esepac.com\/pack-avenir\/wp-content\/uploads\/sites\/5\/2023\/12\/pACK-AVENIR.png\" alt=\"\" width=\"2000\" height=\"600\" srcset=\"https:\/\/www.esepac.com\/pack-avenir\/wp-content\/uploads\/sites\/5\/2023\/12\/pACK-AVENIR.png 2000w, https:\/\/www.esepac.com\/pack-avenir\/wp-content\/uploads\/sites\/5\/2023\/12\/pACK-AVENIR-300x90.png 300w, https:\/\/www.esepac.com\/pack-avenir\/wp-content\/uploads\/sites\/5\/2023\/12\/pACK-AVENIR-1024x307.png 1024w, https:\/\/www.esepac.com\/pack-avenir\/wp-content\/uploads\/sites\/5\/2023\/12\/pACK-AVENIR-768x230.png 768w, https:\/\/www.esepac.com\/pack-avenir\/wp-content\/uploads\/sites\/5\/2023\/12\/pACK-AVENIR-1536x461.png 1536w\" sizes=\"(max-width: 2000px) 100vw, 2000px\" \/><\/h4>\n<p><img loading=\"lazy\" class=\"alignnone wp-image-1749 size-full\" src=\"https:\/\/www.esepac.com\/pack-avenir\/wp-content\/uploads\/sites\/5\/2025\/04\/bandeau-photos-2000-x-900-px-CRT.png\" alt=\"\" width=\"1507\" height=\"489\" srcset=\"https:\/\/www.esepac.com\/pack-avenir\/wp-content\/uploads\/sites\/5\/2025\/04\/bandeau-photos-2000-x-900-px-CRT.png 1507w, https:\/\/www.esepac.com\/pack-avenir\/wp-content\/uploads\/sites\/5\/2025\/04\/bandeau-photos-2000-x-900-px-CRT-300x97.png 300w, https:\/\/www.esepac.com\/pack-avenir\/wp-content\/uploads\/sites\/5\/2025\/04\/bandeau-photos-2000-x-900-px-CRT-1024x332.png 1024w, https:\/\/www.esepac.com\/pack-avenir\/wp-content\/uploads\/sites\/5\/2025\/04\/bandeau-photos-2000-x-900-px-CRT-768x249.png 768w\" sizes=\"(max-width: 1507px) 100vw, 1507px\" \/><\/p>\n<p style=\"text-align: justify;\"><span style=\"color: #1f5ba7;\"><strong>L\u2019unique CRT Emballage en France !<\/strong><\/span><\/p>\n<p style=\"text-align: justify;\">En tant que CRT, Pack Avenir assure une mission d\u2019int\u00e9r\u00eat g\u00e9n\u00e9ral, en assistant directement les entreprises (particuli\u00e8rement les PME), dans la d\u00e9finition de leurs besoins, en participant au d\u00e9veloppement de leurs activit\u00e9s par le biais de l\u2019innovation et de la technologie, et en s\u2019appuyant sur des r\u00e9seaux de comp\u00e9tences.<\/p>\n<p style=\"text-align: justify;\">Notre mission essentielle est l\u2019ex\u00e9cution de prestations de conseils, de tests laboratoires, de formations.<\/p>\n<p style=\"text-align: justify;\">Nous effectuons \u00e9galement un ressourcement cons\u00e9quent, nous permettant de garder une longueur d\u2019avance et une vision sur les technologies de demain.<\/p>\n<p style=\"text-align: justify;\"><strong>Une \u00e9quipe de chefs de projets packaging s\u00e9niors \u00e0 l\u2019\u00e9coute des besoins clients, avec une forte valeur ajout\u00e9e technique.<\/strong><\/p>\n<p><img loading=\"lazy\" class=\"aligncenter wp-image-1763 size-full\" src=\"https:\/\/www.esepac.com\/pack-avenir\/wp-content\/uploads\/sites\/5\/2025\/04\/Catalogue-Pack-Avenir-2025-2.png\" alt=\"\" width=\"1414\" height=\"2000\" srcset=\"https:\/\/www.esepac.com\/pack-avenir\/wp-content\/uploads\/sites\/5\/2025\/04\/Catalogue-Pack-Avenir-2025-2.png 1414w, https:\/\/www.esepac.com\/pack-avenir\/wp-content\/uploads\/sites\/5\/2025\/04\/Catalogue-Pack-Avenir-2025-2-212x300.png 212w, https:\/\/www.esepac.com\/pack-avenir\/wp-content\/uploads\/sites\/5\/2025\/04\/Catalogue-Pack-Avenir-2025-2-724x1024.png 724w, https:\/\/www.esepac.com\/pack-avenir\/wp-content\/uploads\/sites\/5\/2025\/04\/Catalogue-Pack-Avenir-2025-2-768x1086.png 768w, https:\/\/www.esepac.com\/pack-avenir\/wp-content\/uploads\/sites\/5\/2025\/04\/Catalogue-Pack-Avenir-2025-2-1086x1536.png 1086w\" sizes=\"(max-width: 1414px) 100vw, 1414px\" \/><\/p>\n","protected":false},"excerpt":{"rendered":"<p>Nous sommes l&rsquo;entit\u00e9 commerciale de l&lsquo;ESEPAC. Depuis 2016 Pack Avenir \u0153uvre aupr\u00e8s de ses clients dans le domaine du packaging. Nos clients \u00e9voluent sur des march\u00e9s divers: cosm\u00e9tique, pharmaceutique, agro-alimentaire, bricolage, automobile, hygi\u00e8ne\/m\u00e9nager, vins et spiritueux,&#8230; L&rsquo;\u00e9co-conception est au c\u0153ur &hellip;<\/p>\n","protected":false},"author":2,"featured_media":1404,"parent":0,"menu_order":0,"comment_status":"closed","ping_status":"closed","template":"","meta":[],"tags":[],"acf":[],"yoast_head":"<!-- This site is optimized with the Yoast SEO plugin v18.2 - https:\/\/yoast.com\/wordpress\/plugins\/seo\/ -->\n<meta name=\"robots\" content=\"index, follow, max-snippet:-1, max-image-preview:large, max-video-preview:-1\" \/>\n<link rel=\"canonical\" href=\"https:\/\/www.esepac.com\/pack-avenir\/presentation\/\" \/>\n<meta property=\"og:locale\" content=\"fr_FR\" \/>\n<meta property=\"og:type\" content=\"article\" \/>\n<meta property=\"og:title\" content=\"Qui sommes nous ? - ESEPAC Pack Avenir\" \/>\n<meta property=\"og:description\" content=\"Nous sommes l&rsquo;entit\u00e9 commerciale de l&lsquo;ESEPAC. Depuis 2016 Pack Avenir \u0153uvre aupr\u00e8s de ses clients dans le domaine du packaging. Nos clients \u00e9voluent sur des march\u00e9s divers: cosm\u00e9tique, pharmaceutique, agro-alimentaire, bricolage, automobile, hygi\u00e8ne\/m\u00e9nager, vins et spiritueux,&#8230; L&rsquo;\u00e9co-conception est au c\u0153ur &hellip;\" \/>\n<meta property=\"og:url\" content=\"https:\/\/www.esepac.com\/pack-avenir\/presentation\/\" \/>\n<meta property=\"og:site_name\" content=\"ESEPAC Pack Avenir\" \/>\n<meta property=\"article:modified_time\" content=\"2025-04-09T07:16:43+00:00\" \/>\n<meta property=\"og:image\" content=\"https:\/\/www.esepac.com\/pack-avenir\/wp-content\/uploads\/sites\/5\/2022\/09\/logo-PA-01.jpg\" \/>\n\t<meta property=\"og:image:width\" content=\"1181\" \/>\n\t<meta property=\"og:image:height\" content=\"1181\" \/>\n\t<meta property=\"og:image:type\" content=\"image\/jpeg\" \/>\n<meta name=\"twitter:card\" content=\"summary_large_image\" \/>\n<meta name=\"twitter:label1\" content=\"Dur\u00e9e de lecture estim\u00e9e\" \/>\n\t<meta name=\"twitter:data1\" content=\"1 minute\" \/>\n<script type=\"application\/ld+json\" class=\"yoast-schema-graph\">{\"@context\":\"https:\/\/schema.org\",\"@graph\":[{\"@type\":\"WebSite\",\"@id\":\"https:\/\/www.esepac.com\/pack-avenir\/#website\",\"url\":\"https:\/\/www.esepac.com\/pack-avenir\/\",\"name\":\"ESEPAC Pack Avenir\",\"description\":\"Pack Avenir, votre structure d&#039;ing\u00e9nierie Packaging\",\"potentialAction\":[{\"@type\":\"SearchAction\",\"target\":{\"@type\":\"EntryPoint\",\"urlTemplate\":\"https:\/\/www.esepac.com\/pack-avenir\/?s={search_term_string}\"},\"query-input\":\"required name=search_term_string\"}],\"inLanguage\":\"fr-FR\"},{\"@type\":\"ImageObject\",\"@id\":\"https:\/\/www.esepac.com\/pack-avenir\/presentation\/#primaryimage\",\"inLanguage\":\"fr-FR\",\"url\":\"https:\/\/www.esepac.com\/pack-avenir\/wp-content\/uploads\/sites\/5\/2022\/09\/logo-PA-01.jpg\",\"contentUrl\":\"https:\/\/www.esepac.com\/pack-avenir\/wp-content\/uploads\/sites\/5\/2022\/09\/logo-PA-01.jpg\",\"width\":1181,\"height\":1181},{\"@type\":\"WebPage\",\"@id\":\"https:\/\/www.esepac.com\/pack-avenir\/presentation\/#webpage\",\"url\":\"https:\/\/www.esepac.com\/pack-avenir\/presentation\/\",\"name\":\"Qui sommes nous ? - ESEPAC Pack Avenir\",\"isPartOf\":{\"@id\":\"https:\/\/www.esepac.com\/pack-avenir\/#website\"},\"primaryImageOfPage\":{\"@id\":\"https:\/\/www.esepac.com\/pack-avenir\/presentation\/#primaryimage\"},\"datePublished\":\"2021-07-15T12:32:15+00:00\",\"dateModified\":\"2025-04-09T07:16:43+00:00\",\"breadcrumb\":{\"@id\":\"https:\/\/www.esepac.com\/pack-avenir\/presentation\/#breadcrumb\"},\"inLanguage\":\"fr-FR\",\"potentialAction\":[{\"@type\":\"ReadAction\",\"target\":[\"https:\/\/www.esepac.com\/pack-avenir\/presentation\/\"]}]},{\"@type\":\"BreadcrumbList\",\"@id\":\"https:\/\/www.esepac.com\/pack-avenir\/presentation\/#breadcrumb\",\"itemListElement\":[{\"@type\":\"ListItem\",\"position\":1,\"name\":\"Accueil\",\"item\":\"https:\/\/www.esepac.com\/pack-avenir\/\"},{\"@type\":\"ListItem\",\"position\":2,\"name\":\"Qui sommes nous ?\"}]}]}<\/script>\n<!-- \/ Yoast SEO plugin. -->","yoast_head_json":{"robots":{"index":"index","follow":"follow","max-snippet":"max-snippet:-1","max-image-preview":"max-image-preview:large","max-video-preview":"max-video-preview:-1"},"canonical":"https:\/\/www.esepac.com\/pack-avenir\/presentation\/","og_locale":"fr_FR","og_type":"article","og_title":"Qui sommes nous ? - ESEPAC Pack Avenir","og_description":"Nous sommes l&rsquo;entit\u00e9 commerciale de l&lsquo;ESEPAC. Depuis 2016 Pack Avenir \u0153uvre aupr\u00e8s de ses clients dans le domaine du packaging. Nos clients \u00e9voluent sur des march\u00e9s divers: cosm\u00e9tique, pharmaceutique, agro-alimentaire, bricolage, automobile, hygi\u00e8ne\/m\u00e9nager, vins et spiritueux,&#8230; L&rsquo;\u00e9co-conception est au c\u0153ur &hellip;","og_url":"https:\/\/www.esepac.com\/pack-avenir\/presentation\/","og_site_name":"ESEPAC Pack Avenir","article_modified_time":"2025-04-09T07:16:43+00:00","og_image":[{"width":1181,"height":1181,"url":"https:\/\/www.esepac.com\/pack-avenir\/wp-content\/uploads\/sites\/5\/2022\/09\/logo-PA-01.jpg","type":"image\/jpeg"}],"twitter_card":"summary_large_image","twitter_misc":{"Dur\u00e9e de lecture estim\u00e9e":"1 minute"},"schema":{"@context":"https:\/\/schema.org","@graph":[{"@type":"WebSite","@id":"https:\/\/www.esepac.com\/pack-avenir\/#website","url":"https:\/\/www.esepac.com\/pack-avenir\/","name":"ESEPAC Pack Avenir","description":"Pack Avenir, votre structure d&#039;ing\u00e9nierie Packaging","potentialAction":[{"@type":"SearchAction","target":{"@type":"EntryPoint","urlTemplate":"https:\/\/www.esepac.com\/pack-avenir\/?s={search_term_string}"},"query-input":"required name=search_term_string"}],"inLanguage":"fr-FR"},{"@type":"ImageObject","@id":"https:\/\/www.esepac.com\/pack-avenir\/presentation\/#primaryimage","inLanguage":"fr-FR","url":"https:\/\/www.esepac.com\/pack-avenir\/wp-content\/uploads\/sites\/5\/2022\/09\/logo-PA-01.jpg","contentUrl":"https:\/\/www.esepac.com\/pack-avenir\/wp-content\/uploads\/sites\/5\/2022\/09\/logo-PA-01.jpg","width":1181,"height":1181},{"@type":"WebPage","@id":"https:\/\/www.esepac.com\/pack-avenir\/presentation\/#webpage","url":"https:\/\/www.esepac.com\/pack-avenir\/presentation\/","name":"Qui sommes nous ? - ESEPAC Pack Avenir","isPartOf":{"@id":"https:\/\/www.esepac.com\/pack-avenir\/#website"},"primaryImageOfPage":{"@id":"https:\/\/www.esepac.com\/pack-avenir\/presentation\/#primaryimage"},"datePublished":"2021-07-15T12:32:15+00:00","dateModified":"2025-04-09T07:16:43+00:00","breadcrumb":{"@id":"https:\/\/www.esepac.com\/pack-avenir\/presentation\/#breadcrumb"},"inLanguage":"fr-FR","potentialAction":[{"@type":"ReadAction","target":["https:\/\/www.esepac.com\/pack-avenir\/presentation\/"]}]},{"@type":"BreadcrumbList","@id":"https:\/\/www.esepac.com\/pack-avenir\/presentation\/#breadcrumb","itemListElement":[{"@type":"ListItem","position":1,"name":"Accueil","item":"https:\/\/www.esepac.com\/pack-avenir\/"},{"@type":"ListItem","position":2,"name":"Qui sommes nous ?"}]}]}},"_links":{"self":[{"href":"https:\/\/www.esepac.com\/pack-avenir\/wp-json\/wp\/v2\/pages\/1036"}],"collection":[{"href":"https:\/\/www.esepac.com\/pack-avenir\/wp-json\/wp\/v2\/pages"}],"about":[{"href":"https:\/\/www.esepac.com\/pack-avenir\/wp-json\/wp\/v2\/types\/page"}],"author":[{"embeddable":true,"href":"https:\/\/www.esepac.com\/pack-avenir\/wp-json\/wp\/v2\/users\/2"}],"replies":[{"embeddable":true,"href":"https:\/\/www.esepac.com\/pack-avenir\/wp-json\/wp\/v2\/comments?post=1036"}],"version-history":[{"count":53,"href":"https:\/\/www.esepac.com\/pack-avenir\/wp-json\/wp\/v2\/pages\/1036\/revisions"}],"predecessor-version":[{"id":1765,"href":"https:\/\/www.esepac.com\/pack-avenir\/wp-json\/wp\/v2\/pages\/1036\/revisions\/1765"}],"wp:featuredmedia":[{"embeddable":true,"href":"https:\/\/www.esepac.com\/pack-avenir\/wp-json\/wp\/v2\/media\/1404"}],"wp:attachment":[{"href":"https:\/\/www.esepac.com\/pack-avenir\/wp-json\/wp\/v2\/media?parent=1036"}],"wp:term":[{"taxonomy":"post_tag","embeddable":true,"href":"https:\/\/www.esepac.com\/pack-avenir\/wp-json\/wp\/v2\/tags?post=1036"}],"curies":[{"name":"wp","href":"https:\/\/api.w.org\/{rel}","templated":true}]}}